{"id":1145,"date":"2015-12-14T17:16:09","date_gmt":"2015-12-14T17:16:09","guid":{"rendered":"https:\/\/elpulpejo.es\/?page_id=1145&#038;lang=en"},"modified":"2015-12-14T17:42:08","modified_gmt":"2015-12-14T17:42:08","slug":"home","status":"publish","type":"page","link":"https:\/\/elpulpejo.es\/en\/","title":{"rendered":"Home"},"content":{"rendered":"<div class=\"pixcode  pixcode--grid  grid  \">\n\n<div class=\"grid__item six-twelfths palm-one-whole island\">\n\n<p><img decoding=\"async\" loading=\"lazy\" class=\"alignnone size-large wp-image-871\" src=\"https:\/\/elpulpejo.es\/wp-content\/uploads\/2015\/10\/logo-seccion-texto.svg\" alt=\"logo-seccion-texto\" width=\"520\" height=\"138\" \/><\/p>\n<p style=\"text-align: center;\">Welcome to the definitive culinary experience.<\/p>\n<p style=\"text-align: center;\">Thanks to the culinary delights of El Pulpejo restaurant and Catering Luis Portillo, you&#8217;ll enjoy a balanced, elegant version of the most typical recipes of , with touches of the most innovative signature cuisine.\u00a0 , our chef, will lead you on this unforgettable voyage through the flavours of a land known throughout the country for its top-quality produce. This is undoubtedly the best option among the restaurants in Seville Arahal.<\/p>\n\n<\/div>\n\n<div class=\"grid__item six-twelfths palm-one-whole island\">\n\n<p><a href=\"https:\/\/elpulpejo.es\/wp-content\/uploads\/2015\/10\/intro-bg.jpg\"><img decoding=\"async\" loading=\"lazy\" class=\"alignnone wp-image-864 size-large\" src=\"https:\/\/elpulpejo.es\/wp-content\/uploads\/2015\/10\/intro-bg-1024x647.jpg\" alt=\"\" width=\"1024\" height=\"647\" srcset=\"https:\/\/elpulpejo.es\/wp-content\/uploads\/2015\/10\/intro-bg.jpg 1024w, https:\/\/elpulpejo.es\/wp-content\/uploads\/2015\/10\/intro-bg-300x190.jpg 300w, https:\/\/elpulpejo.es\/wp-content\/uploads\/2015\/10\/intro-bg-900x569.jpg 900w, https:\/\/elpulpejo.es\/wp-content\/uploads\/2015\/10\/intro-bg-400x253.jpg 400w\" sizes=\"(max-width: 1024px) 100vw, 1024px\" \/><\/a><\/p>\n\n<\/div>\n\n\n<\/div>\n\n<p>&nbsp;<\/p>\n","protected":false},"excerpt":{"rendered":"<p>&nbsp;<\/p>\n","protected":false},"author":5,"featured_media":863,"parent":0,"menu_order":0,"comment_status":"closed","ping_status":"closed","template":"","meta":[],"yoast_head":"<!-- This site is optimized with the Yoast SEO plugin v19.11 - https:\/\/yoast.com\/wordpress\/plugins\/seo\/ -->\n<title>Home - elpulpejo.es<\/title>\n<meta name=\"robots\" content=\"index, follow, max-snippet:-1, max-image-preview:large, max-video-preview:-1\" \/>\n<meta property=\"og:locale\" content=\"en_US\" \/>\n<meta property=\"og:type\" content=\"article\" \/>\n<meta property=\"og:title\" content=\"Home - elpulpejo.es\" \/>\n<meta property=\"og:description\" content=\"&nbsp;\" \/>\n<meta property=\"og:url\" content=\"https:\/\/elpulpejo.es\/en\/\" \/>\n<meta property=\"og:site_name\" content=\"elpulpejo.es\" \/>\n<meta property=\"article:publisher\" content=\"https:\/\/www.facebook.com\/RestauranteLuisPintura\/\" \/>\n<meta property=\"article:modified_time\" content=\"2015-12-14T17:42:08+00:00\" \/>\n<meta property=\"og:image\" content=\"https:\/\/elpulpejo.es\/wp-content\/uploads\/2015\/10\/slider-bg.jpg\" \/>\n\t<meta property=\"og:image:width\" content=\"1600\" \/>\n\t<meta property=\"og:image:height\" content=\"1062\" \/>\n\t<meta property=\"og:image:type\" content=\"image\/jpeg\" \/>\n<meta name=\"twitter:card\" content=\"summary_large_image\" \/>\n<meta name=\"twitter:site\" content=\"@Luispintura80\" \/>\n<script type=\"application\/ld+json\" class=\"yoast-schema-graph\">{\"@context\":\"https:\/\/schema.org\",\"@graph\":[{\"@type\":\"WebPage\",\"@id\":\"https:\/\/elpulpejo.es\/en\/\",\"url\":\"https:\/\/elpulpejo.es\/en\/\",\"name\":\"Home - elpulpejo.es\",\"isPartOf\":{\"@id\":\"https:\/\/elpulpejo.es\/#website\"},\"datePublished\":\"2015-12-14T17:16:09+00:00\",\"dateModified\":\"2015-12-14T17:42:08+00:00\",\"breadcrumb\":{\"@id\":\"https:\/\/elpulpejo.es\/en\/#breadcrumb\"},\"inLanguage\":\"en-US\",\"potentialAction\":[{\"@type\":\"ReadAction\",\"target\":[\"https:\/\/elpulpejo.es\/en\/\"]}]},{\"@type\":\"BreadcrumbList\",\"@id\":\"https:\/\/elpulpejo.es\/en\/#breadcrumb\",\"itemListElement\":[{\"@type\":\"ListItem\",\"position\":1,\"name\":\"Portada\",\"item\":\"https:\/\/elpulpejo.es\/en\/\"},{\"@type\":\"ListItem\",\"position\":2,\"name\":\"Home\"}]},{\"@type\":\"WebSite\",\"@id\":\"https:\/\/elpulpejo.es\/#website\",\"url\":\"https:\/\/elpulpejo.es\/\",\"name\":\"elpulpejo.es\",\"description\":\"Pasi\u00f3n por la tradici\u00f3n y la innovaci\u00f3n en la cocina con Luis Portillo\",\"publisher\":{\"@id\":\"https:\/\/elpulpejo.es\/#organization\"},\"potentialAction\":[{\"@type\":\"SearchAction\",\"target\":{\"@type\":\"EntryPoint\",\"urlTemplate\":\"https:\/\/elpulpejo.es\/?s={search_term_string}\"},\"query-input\":\"required name=search_term_string\"}],\"inLanguage\":\"en-US\"},{\"@type\":\"Organization\",\"@id\":\"https:\/\/elpulpejo.es\/#organization\",\"name\":\"Restaurante y catering Luis Portillo - El Pulpejo\",\"url\":\"https:\/\/elpulpejo.es\/\",\"logo\":{\"@type\":\"ImageObject\",\"inLanguage\":\"en-US\",\"@id\":\"https:\/\/elpulpejo.es\/#\/schema\/logo\/image\/\",\"url\":\"https:\/\/elpulpejo.es\/wp-content\/uploads\/2015\/11\/el-pulpejo.png\",\"contentUrl\":\"https:\/\/elpulpejo.es\/wp-content\/uploads\/2015\/11\/el-pulpejo.png\",\"width\":159,\"height\":156,\"caption\":\"Restaurante y catering Luis Portillo - El Pulpejo\"},\"image\":{\"@id\":\"https:\/\/elpulpejo.es\/#\/schema\/logo\/image\/\"},\"sameAs\":[\"https:\/\/www.facebook.com\/RestauranteLuisPintura\/\",\"https:\/\/twitter.com\/Luispintura80\"]}]}<\/script>\n<!-- \/ Yoast SEO plugin. -->","yoast_head_json":{"title":"Home - elpulpejo.es","robots":{"index":"index","follow":"follow","max-snippet":"max-snippet:-1","max-image-preview":"max-image-preview:large","max-video-preview":"max-video-preview:-1"},"og_locale":"en_US","og_type":"article","og_title":"Home - elpulpejo.es","og_description":"&nbsp;","og_url":"https:\/\/elpulpejo.es\/en\/","og_site_name":"elpulpejo.es","article_publisher":"https:\/\/www.facebook.com\/RestauranteLuisPintura\/","article_modified_time":"2015-12-14T17:42:08+00:00","og_image":[{"width":1600,"height":1062,"url":"https:\/\/elpulpejo.es\/wp-content\/uploads\/2015\/10\/slider-bg.jpg","type":"image\/jpeg"}],"twitter_card":"summary_large_image","twitter_site":"@Luispintura80","schema":{"@context":"https:\/\/schema.org","@graph":[{"@type":"WebPage","@id":"https:\/\/elpulpejo.es\/en\/","url":"https:\/\/elpulpejo.es\/en\/","name":"Home - elpulpejo.es","isPartOf":{"@id":"https:\/\/elpulpejo.es\/#website"},"datePublished":"2015-12-14T17:16:09+00:00","dateModified":"2015-12-14T17:42:08+00:00","breadcrumb":{"@id":"https:\/\/elpulpejo.es\/en\/#breadcrumb"},"inLanguage":"en-US","potentialAction":[{"@type":"ReadAction","target":["https:\/\/elpulpejo.es\/en\/"]}]},{"@type":"BreadcrumbList","@id":"https:\/\/elpulpejo.es\/en\/#breadcrumb","itemListElement":[{"@type":"ListItem","position":1,"name":"Portada","item":"https:\/\/elpulpejo.es\/en\/"},{"@type":"ListItem","position":2,"name":"Home"}]},{"@type":"WebSite","@id":"https:\/\/elpulpejo.es\/#website","url":"https:\/\/elpulpejo.es\/","name":"elpulpejo.es","description":"Pasi\u00f3n por la tradici\u00f3n y la innovaci\u00f3n en la cocina con Luis Portillo","publisher":{"@id":"https:\/\/elpulpejo.es\/#organization"},"potentialAction":[{"@type":"SearchAction","target":{"@type":"EntryPoint","urlTemplate":"https:\/\/elpulpejo.es\/?s={search_term_string}"},"query-input":"required name=search_term_string"}],"inLanguage":"en-US"},{"@type":"Organization","@id":"https:\/\/elpulpejo.es\/#organization","name":"Restaurante y catering Luis Portillo - El Pulpejo","url":"https:\/\/elpulpejo.es\/","logo":{"@type":"ImageObject","inLanguage":"en-US","@id":"https:\/\/elpulpejo.es\/#\/schema\/logo\/image\/","url":"https:\/\/elpulpejo.es\/wp-content\/uploads\/2015\/11\/el-pulpejo.png","contentUrl":"https:\/\/elpulpejo.es\/wp-content\/uploads\/2015\/11\/el-pulpejo.png","width":159,"height":156,"caption":"Restaurante y catering Luis Portillo - El Pulpejo"},"image":{"@id":"https:\/\/elpulpejo.es\/#\/schema\/logo\/image\/"},"sameAs":["https:\/\/www.facebook.com\/RestauranteLuisPintura\/","https:\/\/twitter.com\/Luispintura80"]}]}},"_links":{"self":[{"href":"https:\/\/elpulpejo.es\/en\/wp-json\/wp\/v2\/pages\/1145"}],"collection":[{"href":"https:\/\/elpulpejo.es\/en\/wp-json\/wp\/v2\/pages"}],"about":[{"href":"https:\/\/elpulpejo.es\/en\/wp-json\/wp\/v2\/types\/page"}],"author":[{"embeddable":true,"href":"https:\/\/elpulpejo.es\/en\/wp-json\/wp\/v2\/users\/5"}],"replies":[{"embeddable":true,"href":"https:\/\/elpulpejo.es\/en\/wp-json\/wp\/v2\/comments?post=1145"}],"version-history":[{"count":1,"href":"https:\/\/elpulpejo.es\/en\/wp-json\/wp\/v2\/pages\/1145\/revisions"}],"predecessor-version":[{"id":1147,"href":"https:\/\/elpulpejo.es\/en\/wp-json\/wp\/v2\/pages\/1145\/revisions\/1147"}],"wp:featuredmedia":[{"embeddable":true,"href":"https:\/\/elpulpejo.es\/en\/wp-json\/wp\/v2\/media\/863"}],"wp:attachment":[{"href":"https:\/\/elpulpejo.es\/en\/wp-json\/wp\/v2\/media?parent=1145"}],"curies":[{"name":"wp","href":"https:\/\/api.w.org\/{rel}","templated":true}]}}