{"id":1152,"date":"2015-12-14T17:31:26","date_gmt":"2015-12-14T17:31:26","guid":{"rendered":"https:\/\/elpulpejo.es\/en\/?page_id=1152"},"modified":"2015-12-14T17:46:11","modified_gmt":"2015-12-14T17:46:11","slug":"restaurante","status":"publish","type":"page","link":"https:\/\/elpulpejo.es\/en\/home\/restaurante\/","title":{"rendered":"Restaurante"},"content":{"rendered":"<div class=\"pixcode  pixcode--grid  grid  \">\n\n<div class=\"grid__item six-twelfths palm-one-whole island\">\n\n<p style=\"text-align: center;\"> is the perfect place for those looking for a &#8220;glocal&#8221; culinary experience that is true to its roots.<\/p>\n<p style=\"text-align: center;\">Restaurants in Seville and its surrounding area are known for their traditional, market cuisine. However, El Pulpejo, in , stands out from the rest for the added value of innovation thanks to our chef Luis Portillo, who designs haute-cuisine dishes from traditional recipes and regional produce.<\/p>\n<p style=\"text-align: center;\">El Pulpejo brings together the culinary essence of La Campi\u00f1a and brings it into the 21st century, respecting tradition and delighting diners.<\/p>\n\n<\/div>\n\n<div class=\"grid__item six-twelfths palm-one-whole island\">\n\n\n\t\t<style type='text\/css'>\n\t\t\t#gallery-0 {\n\t\t\t\tmargin: auto;\n\t\t\t}\n\t\t\t#gallery-0 .gallery-item {\n\t\t\t\tfloat: left;\n\t\t\t\ttext-align: center;\n\t\t\t\twidth: 50%;\n\t\t\t}\n\t\t\t\/* see gallery_shortcode() in wp-includes\/media.php *\/\n\t\t<\/style>\n\t\t<div id='gallery-0' class='gallery galleryid-1152 gallery-columns-2 gallery-size-medium'><figure class='gallery-item'>\n\t\t\t<div class='gallery-icon landscape'>\n\t\t\t\t<a data-title=\"19384413495_9e8d1274da\" data-alt=\"\" href='https:\/\/elpulpejo.es\/wp-content\/uploads\/2015\/10\/19384413495_9e8d1274da.jpg'><img width=\"300\" height=\"200\" src=\"https:\/\/elpulpejo.es\/wp-content\/uploads\/2015\/10\/19384413495_9e8d1274da-300x200.jpg\" class=\"attachment-medium size-medium\" alt=\"\" decoding=\"async\" loading=\"lazy\" srcset=\"https:\/\/elpulpejo.es\/wp-content\/uploads\/2015\/10\/19384413495_9e8d1274da-300x200.jpg 300w, https:\/\/elpulpejo.es\/wp-content\/uploads\/2015\/10\/19384413495_9e8d1274da-1024x683.jpg 1024w, https:\/\/elpulpejo.es\/wp-content\/uploads\/2015\/10\/19384413495_9e8d1274da-1200x800.jpg 1200w, https:\/\/elpulpejo.es\/wp-content\/uploads\/2015\/10\/19384413495_9e8d1274da-900x600.jpg 900w, https:\/\/elpulpejo.es\/wp-content\/uploads\/2015\/10\/19384413495_9e8d1274da-400x267.jpg 400w, https:\/\/elpulpejo.es\/wp-content\/uploads\/2015\/10\/19384413495_9e8d1274da.jpg 1920w\" sizes=\"(max-width: 300px) 100vw, 300px\" \/><\/a>\n\t\t\t<\/div><\/figure><figure class='gallery-item'>\n\t\t\t<div class='gallery-icon landscape'>\n\t\t\t\t<a data-title=\"19384408495_334642a5c0\" data-alt=\"\" href='https:\/\/elpulpejo.es\/wp-content\/uploads\/2015\/10\/19384408495_334642a5c0.jpg'><img width=\"300\" height=\"200\" src=\"https:\/\/elpulpejo.es\/wp-content\/uploads\/2015\/10\/19384408495_334642a5c0-300x200.jpg\" class=\"attachment-medium size-medium\" alt=\"\" decoding=\"async\" loading=\"lazy\" srcset=\"https:\/\/elpulpejo.es\/wp-content\/uploads\/2015\/10\/19384408495_334642a5c0-300x200.jpg 300w, https:\/\/elpulpejo.es\/wp-content\/uploads\/2015\/10\/19384408495_334642a5c0-1024x683.jpg 1024w, https:\/\/elpulpejo.es\/wp-content\/uploads\/2015\/10\/19384408495_334642a5c0-1200x800.jpg 1200w, https:\/\/elpulpejo.es\/wp-content\/uploads\/2015\/10\/19384408495_334642a5c0-900x600.jpg 900w, https:\/\/elpulpejo.es\/wp-content\/uploads\/2015\/10\/19384408495_334642a5c0-400x267.jpg 400w, https:\/\/elpulpejo.es\/wp-content\/uploads\/2015\/10\/19384408495_334642a5c0.jpg 1920w\" sizes=\"(max-width: 300px) 100vw, 300px\" \/><\/a>\n\t\t\t<\/div><\/figure><figure class='gallery-item'>\n\t\t\t<div class='gallery-icon landscape'>\n\t\t\t\t<a data-title=\"19464430801_131e8e11d9\" data-alt=\"\" href='https:\/\/elpulpejo.es\/wp-content\/uploads\/2015\/10\/19464430801_131e8e11d9.jpg'><img width=\"300\" height=\"200\" src=\"https:\/\/elpulpejo.es\/wp-content\/uploads\/2015\/10\/19464430801_131e8e11d9-300x200.jpg\" class=\"attachment-medium size-medium\" alt=\"\" decoding=\"async\" loading=\"lazy\" srcset=\"https:\/\/elpulpejo.es\/wp-content\/uploads\/2015\/10\/19464430801_131e8e11d9-300x200.jpg 300w, https:\/\/elpulpejo.es\/wp-content\/uploads\/2015\/10\/19464430801_131e8e11d9-1024x683.jpg 1024w, https:\/\/elpulpejo.es\/wp-content\/uploads\/2015\/10\/19464430801_131e8e11d9-1200x800.jpg 1200w, https:\/\/elpulpejo.es\/wp-content\/uploads\/2015\/10\/19464430801_131e8e11d9-900x600.jpg 900w, https:\/\/elpulpejo.es\/wp-content\/uploads\/2015\/10\/19464430801_131e8e11d9-400x267.jpg 400w, https:\/\/elpulpejo.es\/wp-content\/uploads\/2015\/10\/19464430801_131e8e11d9.jpg 1920w\" sizes=\"(max-width: 300px) 100vw, 300px\" \/><\/a>\n\t\t\t<\/div><\/figure><figure class='gallery-item'>\n\t\t\t<div class='gallery-icon landscape'>\n\t\t\t\t<a data-title=\"19384408215_b7da050dae\" data-alt=\"\" href='https:\/\/elpulpejo.es\/wp-content\/uploads\/2015\/10\/19384408215_b7da050dae.jpg'><img width=\"300\" height=\"200\" src=\"https:\/\/elpulpejo.es\/wp-content\/uploads\/2015\/10\/19384408215_b7da050dae-300x200.jpg\" class=\"attachment-medium size-medium\" alt=\"\" decoding=\"async\" loading=\"lazy\" srcset=\"https:\/\/elpulpejo.es\/wp-content\/uploads\/2015\/10\/19384408215_b7da050dae-300x200.jpg 300w, https:\/\/elpulpejo.es\/wp-content\/uploads\/2015\/10\/19384408215_b7da050dae-1024x683.jpg 1024w, https:\/\/elpulpejo.es\/wp-content\/uploads\/2015\/10\/19384408215_b7da050dae-1200x800.jpg 1200w, https:\/\/elpulpejo.es\/wp-content\/uploads\/2015\/10\/19384408215_b7da050dae-900x600.jpg 900w, https:\/\/elpulpejo.es\/wp-content\/uploads\/2015\/10\/19384408215_b7da050dae-400x267.jpg 400w, https:\/\/elpulpejo.es\/wp-content\/uploads\/2015\/10\/19384408215_b7da050dae.jpg 1920w\" sizes=\"(max-width: 300px) 100vw, 300px\" \/><\/a>\n\t\t\t<\/div><\/figure>\n\t\t<\/div>\n\n\n<\/div>\n\n\n<\/div>\n\n","protected":false},"excerpt":{"rendered":"","protected":false},"author":5,"featured_media":874,"parent":1145,"menu_order":0,"comment_status":"closed","ping_status":"closed","template":"","meta":[],"yoast_head":"<!-- This site is optimized with the Yoast SEO plugin v19.11 - https:\/\/yoast.com\/wordpress\/plugins\/seo\/ -->\n<title>Restaurante - elpulpejo.es<\/title>\n<meta name=\"robots\" content=\"index, follow, max-snippet:-1, max-image-preview:large, max-video-preview:-1\" \/>\n<meta property=\"og:locale\" content=\"en_US\" \/>\n<meta property=\"og:type\" content=\"article\" \/>\n<meta property=\"og:title\" content=\"Restaurante - elpulpejo.es\" \/>\n<meta property=\"og:url\" content=\"https:\/\/elpulpejo.es\/en\/home\/restaurante\/\" \/>\n<meta property=\"og:site_name\" content=\"elpulpejo.es\" \/>\n<meta property=\"article:publisher\" content=\"https:\/\/www.facebook.com\/RestauranteLuisPintura\/\" \/>\n<meta property=\"article:modified_time\" content=\"2015-12-14T17:46:11+00:00\" \/>\n<meta property=\"og:image\" content=\"https:\/\/elpulpejo.es\/wp-content\/uploads\/2015\/10\/elpulpejo-bg.jpg\" \/>\n\t<meta property=\"og:image:width\" content=\"1920\" \/>\n\t<meta property=\"og:image:height\" content=\"647\" \/>\n\t<meta property=\"og:image:type\" content=\"image\/jpeg\" \/>\n<meta name=\"twitter:card\" content=\"summary_large_image\" \/>\n<meta name=\"twitter:site\" content=\"@Luispintura80\" \/>\n<meta name=\"twitter:label1\" content=\"Est. reading time\" \/>\n\t<meta name=\"twitter:data1\" content=\"1 minute\" \/>\n<script type=\"application\/ld+json\" class=\"yoast-schema-graph\">{\"@context\":\"https:\/\/schema.org\",\"@graph\":[{\"@type\":\"WebPage\",\"@id\":\"https:\/\/elpulpejo.es\/en\/home\/restaurante\/\",\"url\":\"https:\/\/elpulpejo.es\/en\/home\/restaurante\/\",\"name\":\"Restaurante - elpulpejo.es\",\"isPartOf\":{\"@id\":\"https:\/\/elpulpejo.es\/#website\"},\"datePublished\":\"2015-12-14T17:31:26+00:00\",\"dateModified\":\"2015-12-14T17:46:11+00:00\",\"breadcrumb\":{\"@id\":\"https:\/\/elpulpejo.es\/en\/home\/restaurante\/#breadcrumb\"},\"inLanguage\":\"en-US\",\"potentialAction\":[{\"@type\":\"ReadAction\",\"target\":[\"https:\/\/elpulpejo.es\/en\/home\/restaurante\/\"]}]},{\"@type\":\"BreadcrumbList\",\"@id\":\"https:\/\/elpulpejo.es\/en\/home\/restaurante\/#breadcrumb\",\"itemListElement\":[{\"@type\":\"ListItem\",\"position\":1,\"name\":\"Portada\",\"item\":\"https:\/\/elpulpejo.es\/en\/\"},{\"@type\":\"ListItem\",\"position\":2,\"name\":\"Home\",\"item\":\"https:\/\/elpulpejo.es\/en\/\"},{\"@type\":\"ListItem\",\"position\":3,\"name\":\"Restaurante\"}]},{\"@type\":\"WebSite\",\"@id\":\"https:\/\/elpulpejo.es\/#website\",\"url\":\"https:\/\/elpulpejo.es\/\",\"name\":\"elpulpejo.es\",\"description\":\"Pasi\u00f3n por la tradici\u00f3n y la innovaci\u00f3n en la cocina con Luis Portillo\",\"publisher\":{\"@id\":\"https:\/\/elpulpejo.es\/#organization\"},\"potentialAction\":[{\"@type\":\"SearchAction\",\"target\":{\"@type\":\"EntryPoint\",\"urlTemplate\":\"https:\/\/elpulpejo.es\/?s={search_term_string}\"},\"query-input\":\"required name=search_term_string\"}],\"inLanguage\":\"en-US\"},{\"@type\":\"Organization\",\"@id\":\"https:\/\/elpulpejo.es\/#organization\",\"name\":\"Restaurante y catering Luis Portillo - El Pulpejo\",\"url\":\"https:\/\/elpulpejo.es\/\",\"logo\":{\"@type\":\"ImageObject\",\"inLanguage\":\"en-US\",\"@id\":\"https:\/\/elpulpejo.es\/#\/schema\/logo\/image\/\",\"url\":\"https:\/\/elpulpejo.es\/wp-content\/uploads\/2015\/11\/el-pulpejo.png\",\"contentUrl\":\"https:\/\/elpulpejo.es\/wp-content\/uploads\/2015\/11\/el-pulpejo.png\",\"width\":159,\"height\":156,\"caption\":\"Restaurante y catering Luis Portillo - El Pulpejo\"},\"image\":{\"@id\":\"https:\/\/elpulpejo.es\/#\/schema\/logo\/image\/\"},\"sameAs\":[\"https:\/\/www.facebook.com\/RestauranteLuisPintura\/\",\"https:\/\/twitter.com\/Luispintura80\"]}]}<\/script>\n<!-- \/ Yoast SEO plugin. -->","yoast_head_json":{"title":"Restaurante - elpulpejo.es","robots":{"index":"index","follow":"follow","max-snippet":"max-snippet:-1","max-image-preview":"max-image-preview:large","max-video-preview":"max-video-preview:-1"},"og_locale":"en_US","og_type":"article","og_title":"Restaurante - elpulpejo.es","og_url":"https:\/\/elpulpejo.es\/en\/home\/restaurante\/","og_site_name":"elpulpejo.es","article_publisher":"https:\/\/www.facebook.com\/RestauranteLuisPintura\/","article_modified_time":"2015-12-14T17:46:11+00:00","og_image":[{"width":1920,"height":647,"url":"https:\/\/elpulpejo.es\/wp-content\/uploads\/2015\/10\/elpulpejo-bg.jpg","type":"image\/jpeg"}],"twitter_card":"summary_large_image","twitter_site":"@Luispintura80","twitter_misc":{"Est. reading time":"1 minute"},"schema":{"@context":"https:\/\/schema.org","@graph":[{"@type":"WebPage","@id":"https:\/\/elpulpejo.es\/en\/home\/restaurante\/","url":"https:\/\/elpulpejo.es\/en\/home\/restaurante\/","name":"Restaurante - elpulpejo.es","isPartOf":{"@id":"https:\/\/elpulpejo.es\/#website"},"datePublished":"2015-12-14T17:31:26+00:00","dateModified":"2015-12-14T17:46:11+00:00","breadcrumb":{"@id":"https:\/\/elpulpejo.es\/en\/home\/restaurante\/#breadcrumb"},"inLanguage":"en-US","potentialAction":[{"@type":"ReadAction","target":["https:\/\/elpulpejo.es\/en\/home\/restaurante\/"]}]},{"@type":"BreadcrumbList","@id":"https:\/\/elpulpejo.es\/en\/home\/restaurante\/#breadcrumb","itemListElement":[{"@type":"ListItem","position":1,"name":"Portada","item":"https:\/\/elpulpejo.es\/en\/"},{"@type":"ListItem","position":2,"name":"Home","item":"https:\/\/elpulpejo.es\/en\/"},{"@type":"ListItem","position":3,"name":"Restaurante"}]},{"@type":"WebSite","@id":"https:\/\/elpulpejo.es\/#website","url":"https:\/\/elpulpejo.es\/","name":"elpulpejo.es","description":"Pasi\u00f3n por la tradici\u00f3n y la innovaci\u00f3n en la cocina con Luis Portillo","publisher":{"@id":"https:\/\/elpulpejo.es\/#organization"},"potentialAction":[{"@type":"SearchAction","target":{"@type":"EntryPoint","urlTemplate":"https:\/\/elpulpejo.es\/?s={search_term_string}"},"query-input":"required name=search_term_string"}],"inLanguage":"en-US"},{"@type":"Organization","@id":"https:\/\/elpulpejo.es\/#organization","name":"Restaurante y catering Luis Portillo - El Pulpejo","url":"https:\/\/elpulpejo.es\/","logo":{"@type":"ImageObject","inLanguage":"en-US","@id":"https:\/\/elpulpejo.es\/#\/schema\/logo\/image\/","url":"https:\/\/elpulpejo.es\/wp-content\/uploads\/2015\/11\/el-pulpejo.png","contentUrl":"https:\/\/elpulpejo.es\/wp-content\/uploads\/2015\/11\/el-pulpejo.png","width":159,"height":156,"caption":"Restaurante y catering Luis Portillo - El Pulpejo"},"image":{"@id":"https:\/\/elpulpejo.es\/#\/schema\/logo\/image\/"},"sameAs":["https:\/\/www.facebook.com\/RestauranteLuisPintura\/","https:\/\/twitter.com\/Luispintura80"]}]}},"_links":{"self":[{"href":"https:\/\/elpulpejo.es\/en\/wp-json\/wp\/v2\/pages\/1152"}],"collection":[{"href":"https:\/\/elpulpejo.es\/en\/wp-json\/wp\/v2\/pages"}],"about":[{"href":"https:\/\/elpulpejo.es\/en\/wp-json\/wp\/v2\/types\/page"}],"author":[{"embeddable":true,"href":"https:\/\/elpulpejo.es\/en\/wp-json\/wp\/v2\/users\/5"}],"replies":[{"embeddable":true,"href":"https:\/\/elpulpejo.es\/en\/wp-json\/wp\/v2\/comments?post=1152"}],"version-history":[{"count":5,"href":"https:\/\/elpulpejo.es\/en\/wp-json\/wp\/v2\/pages\/1152\/revisions"}],"predecessor-version":[{"id":1157,"href":"https:\/\/elpulpejo.es\/en\/wp-json\/wp\/v2\/pages\/1152\/revisions\/1157"}],"up":[{"embeddable":true,"href":"https:\/\/elpulpejo.es\/en\/wp-json\/wp\/v2\/pages\/1145"}],"wp:featuredmedia":[{"embeddable":true,"href":"https:\/\/elpulpejo.es\/en\/wp-json\/wp\/v2\/media\/874"}],"wp:attachment":[{"href":"https:\/\/elpulpejo.es\/en\/wp-json\/wp\/v2\/media?parent=1152"}],"curies":[{"name":"wp","href":"https:\/\/api.w.org\/{rel}","templated":true}]}}