{"id":1158,"date":"2015-12-15T09:54:26","date_gmt":"2015-12-15T09:54:26","guid":{"rendered":"https:\/\/elpulpejo.es\/en\/?page_id=1158"},"modified":"2015-12-15T10:00:12","modified_gmt":"2015-12-15T10:00:12","slug":"restaurant","status":"publish","type":"page","link":"https:\/\/elpulpejo.es\/en\/restaurant\/","title":{"rendered":"Restaurant"},"content":{"rendered":"<div class=\"pixcode  pixcode--grid  grid  \">\n\n<div class=\"grid__item six-twelfths palm-one-whole island\">\n\n<p style=\"text-align: center;\">El Pulpejo isn&#8217;t your typical restaurant with the typical food of Seville. El Pulpejo is much more than that, although it is still a restaurant serving traditional food.<\/p>\n<p style=\"text-align: center;\">Our menu is based around the regional cuisine, but our passion for everything &#8220;glocal&#8221; is what has inspired us to reinvent tradition from the bottom up.<\/p>\n<p style=\"text-align: center;\">We select the best produce in the market and use it creatively to make signature dishes.<\/p>\n<p style=\"text-align: center;\">This way,  are a great introduction for newcomers to Arahal into the culinary wisdom of La Campi\u00f1a and a new point of view for foodies well versed in our popular delights.<\/p>\n\n<\/div>\n\n<div class=\"grid__item six-twelfths palm-one-whole island\">\n\n\n\t\t<style type='text\/css'>\n\t\t\t#gallery-0 {\n\t\t\t\tmargin: auto;\n\t\t\t}\n\t\t\t#gallery-0 .gallery-item {\n\t\t\t\tfloat: left;\n\t\t\t\ttext-align: center;\n\t\t\t\twidth: 50%;\n\t\t\t}\n\t\t\t\/* see gallery_shortcode() in wp-includes\/media.php *\/\n\t\t<\/style>\n\t\t<div id='gallery-0' class='gallery galleryid-1158 gallery-columns-2 gallery-size-medium'><figure class='gallery-item'>\n\t\t\t<div class='gallery-icon landscape'>\n\t\t\t\t<a data-title=\"21587531014_f7056b34df\" data-alt=\"\" href='https:\/\/elpulpejo.es\/wp-content\/uploads\/2015\/10\/21587531014_f7056b34df.jpg'><img width=\"300\" height=\"200\" src=\"https:\/\/elpulpejo.es\/wp-content\/uploads\/2015\/10\/21587531014_f7056b34df-300x200.jpg\" class=\"attachment-medium size-medium\" alt=\"\" decoding=\"async\" loading=\"lazy\" srcset=\"https:\/\/elpulpejo.es\/wp-content\/uploads\/2015\/10\/21587531014_f7056b34df-300x200.jpg 300w, https:\/\/elpulpejo.es\/wp-content\/uploads\/2015\/10\/21587531014_f7056b34df-1024x683.jpg 1024w, https:\/\/elpulpejo.es\/wp-content\/uploads\/2015\/10\/21587531014_f7056b34df-1200x800.jpg 1200w, https:\/\/elpulpejo.es\/wp-content\/uploads\/2015\/10\/21587531014_f7056b34df-900x600.jpg 900w, https:\/\/elpulpejo.es\/wp-content\/uploads\/2015\/10\/21587531014_f7056b34df-400x267.jpg 400w, https:\/\/elpulpejo.es\/wp-content\/uploads\/2015\/10\/21587531014_f7056b34df.jpg 1600w\" sizes=\"(max-width: 300px) 100vw, 300px\" \/><\/a>\n\t\t\t<\/div><\/figure><figure class='gallery-item'>\n\t\t\t<div class='gallery-icon landscape'>\n\t\t\t\t<a data-title=\"22220892311_17c92c8c9d\" data-alt=\"\" href='https:\/\/elpulpejo.es\/wp-content\/uploads\/2015\/10\/22220892311_17c92c8c9d.jpg'><img width=\"300\" height=\"200\" src=\"https:\/\/elpulpejo.es\/wp-content\/uploads\/2015\/10\/22220892311_17c92c8c9d-300x200.jpg\" class=\"attachment-medium size-medium\" alt=\"\" decoding=\"async\" loading=\"lazy\" srcset=\"https:\/\/elpulpejo.es\/wp-content\/uploads\/2015\/10\/22220892311_17c92c8c9d-300x200.jpg 300w, https:\/\/elpulpejo.es\/wp-content\/uploads\/2015\/10\/22220892311_17c92c8c9d-1024x683.jpg 1024w, https:\/\/elpulpejo.es\/wp-content\/uploads\/2015\/10\/22220892311_17c92c8c9d-1200x800.jpg 1200w, https:\/\/elpulpejo.es\/wp-content\/uploads\/2015\/10\/22220892311_17c92c8c9d-900x600.jpg 900w, https:\/\/elpulpejo.es\/wp-content\/uploads\/2015\/10\/22220892311_17c92c8c9d-400x267.jpg 400w, https:\/\/elpulpejo.es\/wp-content\/uploads\/2015\/10\/22220892311_17c92c8c9d.jpg 1600w\" sizes=\"(max-width: 300px) 100vw, 300px\" \/><\/a>\n\t\t\t<\/div><\/figure><figure class='gallery-item'>\n\t\t\t<div class='gallery-icon landscape'>\n\t\t\t\t<a data-title=\"21589574263_bc16e8be52\" data-alt=\"\" href='https:\/\/elpulpejo.es\/wp-content\/uploads\/2015\/10\/21589574263_bc16e8be52.jpg'><img width=\"300\" height=\"200\" src=\"https:\/\/elpulpejo.es\/wp-content\/uploads\/2015\/10\/21589574263_bc16e8be52-300x200.jpg\" class=\"attachment-medium size-medium\" alt=\"\" decoding=\"async\" loading=\"lazy\" srcset=\"https:\/\/elpulpejo.es\/wp-content\/uploads\/2015\/10\/21589574263_bc16e8be52-300x200.jpg 300w, https:\/\/elpulpejo.es\/wp-content\/uploads\/2015\/10\/21589574263_bc16e8be52-1024x683.jpg 1024w, https:\/\/elpulpejo.es\/wp-content\/uploads\/2015\/10\/21589574263_bc16e8be52-1200x800.jpg 1200w, https:\/\/elpulpejo.es\/wp-content\/uploads\/2015\/10\/21589574263_bc16e8be52-900x600.jpg 900w, https:\/\/elpulpejo.es\/wp-content\/uploads\/2015\/10\/21589574263_bc16e8be52-400x267.jpg 400w, https:\/\/elpulpejo.es\/wp-content\/uploads\/2015\/10\/21589574263_bc16e8be52.jpg 1600w\" sizes=\"(max-width: 300px) 100vw, 300px\" \/><\/a>\n\t\t\t<\/div><\/figure><figure class='gallery-item'>\n\t\t\t<div class='gallery-icon landscape'>\n\t\t\t\t<a data-title=\"22023654239_1b4ba48711\" data-alt=\"\" href='https:\/\/elpulpejo.es\/wp-content\/uploads\/2015\/10\/22023654239_1b4ba48711.jpg'><img width=\"300\" height=\"200\" src=\"https:\/\/elpulpejo.es\/wp-content\/uploads\/2015\/10\/22023654239_1b4ba48711-300x200.jpg\" class=\"attachment-medium size-medium\" alt=\"\" decoding=\"async\" loading=\"lazy\" srcset=\"https:\/\/elpulpejo.es\/wp-content\/uploads\/2015\/10\/22023654239_1b4ba48711-300x200.jpg 300w, https:\/\/elpulpejo.es\/wp-content\/uploads\/2015\/10\/22023654239_1b4ba48711-1024x683.jpg 1024w, https:\/\/elpulpejo.es\/wp-content\/uploads\/2015\/10\/22023654239_1b4ba48711-1200x800.jpg 1200w, https:\/\/elpulpejo.es\/wp-content\/uploads\/2015\/10\/22023654239_1b4ba48711-900x600.jpg 900w, https:\/\/elpulpejo.es\/wp-content\/uploads\/2015\/10\/22023654239_1b4ba48711-400x267.jpg 400w, https:\/\/elpulpejo.es\/wp-content\/uploads\/2015\/10\/22023654239_1b4ba48711.jpg 1600w\" sizes=\"(max-width: 300px) 100vw, 300px\" \/><\/a>\n\t\t\t<\/div><\/figure>\n\t\t<\/div>\n\n\n<\/div>\n\n\n<\/div>\n\n","protected":false},"excerpt":{"rendered":"","protected":false},"author":5,"featured_media":883,"parent":0,"menu_order":0,"comment_status":"closed","ping_status":"closed","template":"","meta":[],"yoast_head":"<!-- This site is optimized with the Yoast SEO plugin v19.11 - https:\/\/yoast.com\/wordpress\/plugins\/seo\/ -->\n<title>Restaurant - elpulpejo.es<\/title>\n<meta name=\"robots\" content=\"index, follow, max-snippet:-1, max-image-preview:large, max-video-preview:-1\" \/>\n<meta property=\"og:locale\" content=\"en_US\" \/>\n<meta property=\"og:type\" content=\"article\" \/>\n<meta property=\"og:title\" content=\"Restaurant - elpulpejo.es\" \/>\n<meta property=\"og:url\" content=\"https:\/\/elpulpejo.es\/en\/restaurant\/\" \/>\n<meta property=\"og:site_name\" content=\"elpulpejo.es\" \/>\n<meta property=\"article:publisher\" content=\"https:\/\/www.facebook.com\/RestauranteLuisPintura\/\" \/>\n<meta property=\"article:modified_time\" content=\"2015-12-15T10:00:12+00:00\" \/>\n<meta property=\"og:image\" content=\"https:\/\/elpulpejo.es\/wp-content\/uploads\/2015\/10\/slider-restaurante-bg.jpg\" \/>\n\t<meta property=\"og:image:width\" content=\"1600\" \/>\n\t<meta property=\"og:image:height\" content=\"1062\" \/>\n\t<meta property=\"og:image:type\" content=\"image\/jpeg\" \/>\n<meta name=\"twitter:card\" content=\"summary_large_image\" \/>\n<meta name=\"twitter:site\" content=\"@Luispintura80\" \/>\n<meta name=\"twitter:label1\" content=\"Est. reading time\" \/>\n\t<meta name=\"twitter:data1\" content=\"1 minute\" \/>\n<script type=\"application\/ld+json\" class=\"yoast-schema-graph\">{\"@context\":\"https:\/\/schema.org\",\"@graph\":[{\"@type\":\"WebPage\",\"@id\":\"https:\/\/elpulpejo.es\/en\/restaurant\/\",\"url\":\"https:\/\/elpulpejo.es\/en\/restaurant\/\",\"name\":\"Restaurant - elpulpejo.es\",\"isPartOf\":{\"@id\":\"https:\/\/elpulpejo.es\/#website\"},\"datePublished\":\"2015-12-15T09:54:26+00:00\",\"dateModified\":\"2015-12-15T10:00:12+00:00\",\"breadcrumb\":{\"@id\":\"https:\/\/elpulpejo.es\/en\/restaurant\/#breadcrumb\"},\"inLanguage\":\"en-US\",\"potentialAction\":[{\"@type\":\"ReadAction\",\"target\":[\"https:\/\/elpulpejo.es\/en\/restaurant\/\"]}]},{\"@type\":\"BreadcrumbList\",\"@id\":\"https:\/\/elpulpejo.es\/en\/restaurant\/#breadcrumb\",\"itemListElement\":[{\"@type\":\"ListItem\",\"position\":1,\"name\":\"Portada\",\"item\":\"https:\/\/elpulpejo.es\/en\/\"},{\"@type\":\"ListItem\",\"position\":2,\"name\":\"Restaurant\"}]},{\"@type\":\"WebSite\",\"@id\":\"https:\/\/elpulpejo.es\/#website\",\"url\":\"https:\/\/elpulpejo.es\/\",\"name\":\"elpulpejo.es\",\"description\":\"Pasi\u00f3n por la tradici\u00f3n y la innovaci\u00f3n en la cocina con Luis Portillo\",\"publisher\":{\"@id\":\"https:\/\/elpulpejo.es\/#organization\"},\"potentialAction\":[{\"@type\":\"SearchAction\",\"target\":{\"@type\":\"EntryPoint\",\"urlTemplate\":\"https:\/\/elpulpejo.es\/?s={search_term_string}\"},\"query-input\":\"required name=search_term_string\"}],\"inLanguage\":\"en-US\"},{\"@type\":\"Organization\",\"@id\":\"https:\/\/elpulpejo.es\/#organization\",\"name\":\"Restaurante y catering Luis Portillo - El Pulpejo\",\"url\":\"https:\/\/elpulpejo.es\/\",\"logo\":{\"@type\":\"ImageObject\",\"inLanguage\":\"en-US\",\"@id\":\"https:\/\/elpulpejo.es\/#\/schema\/logo\/image\/\",\"url\":\"https:\/\/elpulpejo.es\/wp-content\/uploads\/2015\/11\/el-pulpejo.png\",\"contentUrl\":\"https:\/\/elpulpejo.es\/wp-content\/uploads\/2015\/11\/el-pulpejo.png\",\"width\":159,\"height\":156,\"caption\":\"Restaurante y catering Luis Portillo - El Pulpejo\"},\"image\":{\"@id\":\"https:\/\/elpulpejo.es\/#\/schema\/logo\/image\/\"},\"sameAs\":[\"https:\/\/www.facebook.com\/RestauranteLuisPintura\/\",\"https:\/\/twitter.com\/Luispintura80\"]}]}<\/script>\n<!-- \/ Yoast SEO plugin. -->","yoast_head_json":{"title":"Restaurant - elpulpejo.es","robots":{"index":"index","follow":"follow","max-snippet":"max-snippet:-1","max-image-preview":"max-image-preview:large","max-video-preview":"max-video-preview:-1"},"og_locale":"en_US","og_type":"article","og_title":"Restaurant - elpulpejo.es","og_url":"https:\/\/elpulpejo.es\/en\/restaurant\/","og_site_name":"elpulpejo.es","article_publisher":"https:\/\/www.facebook.com\/RestauranteLuisPintura\/","article_modified_time":"2015-12-15T10:00:12+00:00","og_image":[{"width":1600,"height":1062,"url":"https:\/\/elpulpejo.es\/wp-content\/uploads\/2015\/10\/slider-restaurante-bg.jpg","type":"image\/jpeg"}],"twitter_card":"summary_large_image","twitter_site":"@Luispintura80","twitter_misc":{"Est. reading time":"1 minute"},"schema":{"@context":"https:\/\/schema.org","@graph":[{"@type":"WebPage","@id":"https:\/\/elpulpejo.es\/en\/restaurant\/","url":"https:\/\/elpulpejo.es\/en\/restaurant\/","name":"Restaurant - elpulpejo.es","isPartOf":{"@id":"https:\/\/elpulpejo.es\/#website"},"datePublished":"2015-12-15T09:54:26+00:00","dateModified":"2015-12-15T10:00:12+00:00","breadcrumb":{"@id":"https:\/\/elpulpejo.es\/en\/restaurant\/#breadcrumb"},"inLanguage":"en-US","potentialAction":[{"@type":"ReadAction","target":["https:\/\/elpulpejo.es\/en\/restaurant\/"]}]},{"@type":"BreadcrumbList","@id":"https:\/\/elpulpejo.es\/en\/restaurant\/#breadcrumb","itemListElement":[{"@type":"ListItem","position":1,"name":"Portada","item":"https:\/\/elpulpejo.es\/en\/"},{"@type":"ListItem","position":2,"name":"Restaurant"}]},{"@type":"WebSite","@id":"https:\/\/elpulpejo.es\/#website","url":"https:\/\/elpulpejo.es\/","name":"elpulpejo.es","description":"Pasi\u00f3n por la tradici\u00f3n y la innovaci\u00f3n en la cocina con Luis Portillo","publisher":{"@id":"https:\/\/elpulpejo.es\/#organization"},"potentialAction":[{"@type":"SearchAction","target":{"@type":"EntryPoint","urlTemplate":"https:\/\/elpulpejo.es\/?s={search_term_string}"},"query-input":"required name=search_term_string"}],"inLanguage":"en-US"},{"@type":"Organization","@id":"https:\/\/elpulpejo.es\/#organization","name":"Restaurante y catering Luis Portillo - El Pulpejo","url":"https:\/\/elpulpejo.es\/","logo":{"@type":"ImageObject","inLanguage":"en-US","@id":"https:\/\/elpulpejo.es\/#\/schema\/logo\/image\/","url":"https:\/\/elpulpejo.es\/wp-content\/uploads\/2015\/11\/el-pulpejo.png","contentUrl":"https:\/\/elpulpejo.es\/wp-content\/uploads\/2015\/11\/el-pulpejo.png","width":159,"height":156,"caption":"Restaurante y catering Luis Portillo - El Pulpejo"},"image":{"@id":"https:\/\/elpulpejo.es\/#\/schema\/logo\/image\/"},"sameAs":["https:\/\/www.facebook.com\/RestauranteLuisPintura\/","https:\/\/twitter.com\/Luispintura80"]}]}},"_links":{"self":[{"href":"https:\/\/elpulpejo.es\/en\/wp-json\/wp\/v2\/pages\/1158"}],"collection":[{"href":"https:\/\/elpulpejo.es\/en\/wp-json\/wp\/v2\/pages"}],"about":[{"href":"https:\/\/elpulpejo.es\/en\/wp-json\/wp\/v2\/types\/page"}],"author":[{"embeddable":true,"href":"https:\/\/elpulpejo.es\/en\/wp-json\/wp\/v2\/users\/5"}],"replies":[{"embeddable":true,"href":"https:\/\/elpulpejo.es\/en\/wp-json\/wp\/v2\/comments?post=1158"}],"version-history":[{"count":2,"href":"https:\/\/elpulpejo.es\/en\/wp-json\/wp\/v2\/pages\/1158\/revisions"}],"predecessor-version":[{"id":1160,"href":"https:\/\/elpulpejo.es\/en\/wp-json\/wp\/v2\/pages\/1158\/revisions\/1160"}],"wp:featuredmedia":[{"embeddable":true,"href":"https:\/\/elpulpejo.es\/en\/wp-json\/wp\/v2\/media\/883"}],"wp:attachment":[{"href":"https:\/\/elpulpejo.es\/en\/wp-json\/wp\/v2\/media?parent=1158"}],"curies":[{"name":"wp","href":"https:\/\/api.w.org\/{rel}","templated":true}]}}