{"id":1180,"date":"2015-12-15T11:00:47","date_gmt":"2015-12-15T11:00:47","guid":{"rendered":"https:\/\/elpulpejo.es\/en\/?page_id=1180"},"modified":"2015-12-17T13:06:08","modified_gmt":"2015-12-17T13:06:08","slug":"events","status":"publish","type":"page","link":"https:\/\/elpulpejo.es\/en\/events\/","title":{"rendered":"Events"},"content":{"rendered":"<div class=\"pixcode  pixcode--grid  grid  \">\n\n<div class=\"grid__item six-twelfths palm-one-whole island\">\n\n<p style=\"text-align: center;\">At Catering Luis Portillo we know how important it is for you to impress your guests and make a good impression, which means it&#8217;s essential to work with professionals who can manage the culinary side of things.<\/p>\n<p style=\"text-align: center;\">Your success is our goal, so we give you the most creative, innovative selection of food from Luis Portillo, a top-notch chef who will create a customised menu for any event with the exclusive touch you deserve.<\/p>\n<p style=\"text-align: center;\">Thanks to this catering service, clients can enjoy a truly gourmet experience at events in Marbella, Seville, Cordoba and Cadiz.<\/p>\n\n<\/div>\n\n<div class=\"grid__item six-twelfths palm-one-whole island\">\n\n<p><img decoding=\"async\" loading=\"lazy\" class=\"alignnone size-full wp-image-833\" src=\"https:\/\/elpulpejo.es\/wp-content\/uploads\/2015\/10\/el-pulpejo-servicio-de-catering-para-eventos-malaga-1d1.jpg\" alt=\"El-Pulpejo-Servicio-de-catering-para-eventos-malaga-1d1\" width=\"770\" height=\"560\" srcset=\"https:\/\/elpulpejo.es\/wp-content\/uploads\/2015\/10\/el-pulpejo-servicio-de-catering-para-eventos-malaga-1d1.jpg 770w, https:\/\/elpulpejo.es\/wp-content\/uploads\/2015\/10\/el-pulpejo-servicio-de-catering-para-eventos-malaga-1d1-300x218.jpg 300w, https:\/\/elpulpejo.es\/wp-content\/uploads\/2015\/10\/el-pulpejo-servicio-de-catering-para-eventos-malaga-1d1-400x291.jpg 400w\" sizes=\"(max-width: 770px) 100vw, 770px\" \/><\/p>\n\n<\/div>\n\n\n<\/div>\n\n<div class=\"pixcode  pixcode--grid  grid  \">\n\n<div class=\"grid__item six-twelfths palm-one-whole island\">\n\n\n\t\t<style type='text\/css'>\n\t\t\t#gallery-0 {\n\t\t\t\tmargin: auto;\n\t\t\t}\n\t\t\t#gallery-0 .gallery-item {\n\t\t\t\tfloat: left;\n\t\t\t\ttext-align: center;\n\t\t\t\twidth: 50%;\n\t\t\t}\n\t\t\t\/* see gallery_shortcode() in wp-includes\/media.php *\/\n\t\t<\/style>\n\t\t<div id='gallery-0' class='gallery galleryid-1180 gallery-columns-2 gallery-size-medium'><figure class='gallery-item'>\n\t\t\t<div class='gallery-icon portrait'>\n\t\t\t\t<img width=\"200\" height=\"300\" src=\"https:\/\/elpulpejo.es\/wp-content\/uploads\/2015\/10\/catering-luis-portillo-servicio-de-catering-para-inauguraciones-sevilla-1d2-200x300.jpg\" class=\"attachment-medium size-medium\" alt=\"\" decoding=\"async\" loading=\"lazy\" srcset=\"https:\/\/elpulpejo.es\/wp-content\/uploads\/2015\/10\/catering-luis-portillo-servicio-de-catering-para-inauguraciones-sevilla-1d2-200x300.jpg 200w, https:\/\/elpulpejo.es\/wp-content\/uploads\/2015\/10\/catering-luis-portillo-servicio-de-catering-para-inauguraciones-sevilla-1d2-682x1024.jpg 682w, https:\/\/elpulpejo.es\/wp-content\/uploads\/2015\/10\/catering-luis-portillo-servicio-de-catering-para-inauguraciones-sevilla-1d2-400x600.jpg 400w, https:\/\/elpulpejo.es\/wp-content\/uploads\/2015\/10\/catering-luis-portillo-servicio-de-catering-para-inauguraciones-sevilla-1d2.jpg 773w\" sizes=\"(max-width: 200px) 100vw, 200px\" \/>\n\t\t\t<\/div><\/figure><figure class='gallery-item'>\n\t\t\t<div class='gallery-icon portrait'>\n\t\t\t\t<img width=\"200\" height=\"300\" src=\"https:\/\/elpulpejo.es\/wp-content\/uploads\/2015\/10\/catering-luis-portillo-servicio-de-catering-para-inauguraciones-2d2-200x300.jpg\" class=\"attachment-medium size-medium\" alt=\"\" decoding=\"async\" loading=\"lazy\" srcset=\"https:\/\/elpulpejo.es\/wp-content\/uploads\/2015\/10\/catering-luis-portillo-servicio-de-catering-para-inauguraciones-2d2-200x300.jpg 200w, https:\/\/elpulpejo.es\/wp-content\/uploads\/2015\/10\/catering-luis-portillo-servicio-de-catering-para-inauguraciones-2d2-682x1024.jpg 682w, https:\/\/elpulpejo.es\/wp-content\/uploads\/2015\/10\/catering-luis-portillo-servicio-de-catering-para-inauguraciones-2d2-400x600.jpg 400w, https:\/\/elpulpejo.es\/wp-content\/uploads\/2015\/10\/catering-luis-portillo-servicio-de-catering-para-inauguraciones-2d2.jpg 773w\" sizes=\"(max-width: 200px) 100vw, 200px\" \/>\n\t\t\t<\/div><\/figure>\n\t\t<\/div>\n\n\n<\/div>\n\n<div class=\"grid__item six-twelfths palm-one-whole island\">\n\n<h2 style=\"text-align: center;\">INAUGURATIONS<\/h2>\n<p style=\"text-align: center;\">Inaugurations are your first contact with clients, suppliers and future collaborators.<\/p>\n<p style=\"text-align: center;\">Presentation has to be impeccable throughout to make the best possible impression, and the food you serve is an essential part of this.<\/p>\n<p style=\"text-align: center;\">This is why Catering Luis Portillo not only serves a delicious combination of the most innovative signature cuisine and the most traditional regional gastronomy, but also creates a customised menu just for you, with top-quality local produce and guidance throughout the process to make sure selection fits the event. Because you don&#8217;t get a second chance to make a delicious first impression.<\/p>\n<p>&nbsp;<\/p>\n\n<\/div>\n\n\n<\/div>\n\n<div class=\"pixcode  pixcode--grid  grid  \">\n\n<div class=\"grid__item six-twelfths palm-one-whole \">\n\n<h2 style=\"text-align: center;\">COCKTAIL PARTIES<\/h2>\n<p style=\"text-align: center;\">Cocktail parties are unique events in which sophistication is the order of the day in managing every last detail.\u00a0 Your celebration takes place in the most exclusive setting and at Catering Luis Portillo we know that each ingredient on your menu has to be chosen and prepared with the utmost care to ensure the success of your event.<\/p>\n<p style=\"text-align: center;\">But this is our natural habitat, where we do our best work and where Luis Portillo gives free reign to all his experience and innovative capacity.<\/p>\n<p style=\"text-align: center;\">We design each piece ahead of time, each part of the menu, to make your event a success on every level and we communicate with you throughout the process to infuse your essence into each flavour.\u00a0\u00a0 A cocktail party is an introduction that we turn into the best memory.<\/p>\n<p>&nbsp;<\/p>\n\n<\/div>\n\n<div class=\"grid__item six-twelfths palm-one-whole \">\n\n<p><img decoding=\"async\" loading=\"lazy\" class=\"alignnone size-full wp-image-805\" src=\"https:\/\/elpulpejo.es\/wp-content\/uploads\/2015\/10\/catering-luis-portillo-servicio-de-catering-para-cockteles-sevilla-1d1.jpg\" alt=\"Catering-Luis-Portillo-servicio-de-catering-para-cockteles-sevilla-1d1\" width=\"770\" height=\"560\" srcset=\"https:\/\/elpulpejo.es\/wp-content\/uploads\/2015\/10\/catering-luis-portillo-servicio-de-catering-para-cockteles-sevilla-1d1.jpg 770w, https:\/\/elpulpejo.es\/wp-content\/uploads\/2015\/10\/catering-luis-portillo-servicio-de-catering-para-cockteles-sevilla-1d1-300x218.jpg 300w, https:\/\/elpulpejo.es\/wp-content\/uploads\/2015\/10\/catering-luis-portillo-servicio-de-catering-para-cockteles-sevilla-1d1-400x291.jpg 400w\" sizes=\"(max-width: 770px) 100vw, 770px\" \/><\/p>\n\n<\/div>\n\n\n<\/div>\n\n","protected":false},"excerpt":{"rendered":"","protected":false},"author":5,"featured_media":999,"parent":0,"menu_order":0,"comment_status":"closed","ping_status":"closed","template":"","meta":[],"yoast_head":"<!-- This site is optimized with the Yoast SEO plugin v19.11 - https:\/\/yoast.com\/wordpress\/plugins\/seo\/ -->\n<title>Events - elpulpejo.es<\/title>\n<meta name=\"robots\" content=\"index, follow, max-snippet:-1, max-image-preview:large, max-video-preview:-1\" \/>\n<meta property=\"og:locale\" content=\"en_US\" \/>\n<meta property=\"og:type\" content=\"article\" \/>\n<meta property=\"og:title\" content=\"Events - elpulpejo.es\" \/>\n<meta property=\"og:url\" content=\"https:\/\/elpulpejo.es\/en\/events\/\" \/>\n<meta property=\"og:site_name\" content=\"elpulpejo.es\" \/>\n<meta property=\"article:publisher\" content=\"https:\/\/www.facebook.com\/RestauranteLuisPintura\/\" \/>\n<meta property=\"article:modified_time\" content=\"2015-12-17T13:06:08+00:00\" \/>\n<meta property=\"og:image\" content=\"https:\/\/elpulpejo.es\/wp-content\/uploads\/2015\/10\/catering-eventos.jpg\" \/>\n\t<meta property=\"og:image:width\" content=\"1920\" \/>\n\t<meta property=\"og:image:height\" content=\"647\" \/>\n\t<meta property=\"og:image:type\" content=\"image\/jpeg\" \/>\n<meta name=\"twitter:card\" content=\"summary_large_image\" \/>\n<meta name=\"twitter:site\" content=\"@Luispintura80\" \/>\n<meta name=\"twitter:label1\" content=\"Est. reading time\" \/>\n\t<meta name=\"twitter:data1\" content=\"2 minutes\" \/>\n<script type=\"application\/ld+json\" class=\"yoast-schema-graph\">{\"@context\":\"https:\/\/schema.org\",\"@graph\":[{\"@type\":\"WebPage\",\"@id\":\"https:\/\/elpulpejo.es\/en\/events\/\",\"url\":\"https:\/\/elpulpejo.es\/en\/events\/\",\"name\":\"Events - elpulpejo.es\",\"isPartOf\":{\"@id\":\"https:\/\/elpulpejo.es\/#website\"},\"datePublished\":\"2015-12-15T11:00:47+00:00\",\"dateModified\":\"2015-12-17T13:06:08+00:00\",\"breadcrumb\":{\"@id\":\"https:\/\/elpulpejo.es\/en\/events\/#breadcrumb\"},\"inLanguage\":\"en-US\",\"potentialAction\":[{\"@type\":\"ReadAction\",\"target\":[\"https:\/\/elpulpejo.es\/en\/events\/\"]}]},{\"@type\":\"BreadcrumbList\",\"@id\":\"https:\/\/elpulpejo.es\/en\/events\/#breadcrumb\",\"itemListElement\":[{\"@type\":\"ListItem\",\"position\":1,\"name\":\"Portada\",\"item\":\"https:\/\/elpulpejo.es\/en\/\"},{\"@type\":\"ListItem\",\"position\":2,\"name\":\"Events\"}]},{\"@type\":\"WebSite\",\"@id\":\"https:\/\/elpulpejo.es\/#website\",\"url\":\"https:\/\/elpulpejo.es\/\",\"name\":\"elpulpejo.es\",\"description\":\"Pasi\u00f3n por la tradici\u00f3n y la innovaci\u00f3n en la cocina con Luis Portillo\",\"publisher\":{\"@id\":\"https:\/\/elpulpejo.es\/#organization\"},\"potentialAction\":[{\"@type\":\"SearchAction\",\"target\":{\"@type\":\"EntryPoint\",\"urlTemplate\":\"https:\/\/elpulpejo.es\/?s={search_term_string}\"},\"query-input\":\"required name=search_term_string\"}],\"inLanguage\":\"en-US\"},{\"@type\":\"Organization\",\"@id\":\"https:\/\/elpulpejo.es\/#organization\",\"name\":\"Restaurante y catering Luis Portillo - El Pulpejo\",\"url\":\"https:\/\/elpulpejo.es\/\",\"logo\":{\"@type\":\"ImageObject\",\"inLanguage\":\"en-US\",\"@id\":\"https:\/\/elpulpejo.es\/#\/schema\/logo\/image\/\",\"url\":\"https:\/\/elpulpejo.es\/wp-content\/uploads\/2015\/11\/el-pulpejo.png\",\"contentUrl\":\"https:\/\/elpulpejo.es\/wp-content\/uploads\/2015\/11\/el-pulpejo.png\",\"width\":159,\"height\":156,\"caption\":\"Restaurante y catering Luis Portillo - El Pulpejo\"},\"image\":{\"@id\":\"https:\/\/elpulpejo.es\/#\/schema\/logo\/image\/\"},\"sameAs\":[\"https:\/\/www.facebook.com\/RestauranteLuisPintura\/\",\"https:\/\/twitter.com\/Luispintura80\"]}]}<\/script>\n<!-- \/ Yoast SEO plugin. -->","yoast_head_json":{"title":"Events - elpulpejo.es","robots":{"index":"index","follow":"follow","max-snippet":"max-snippet:-1","max-image-preview":"max-image-preview:large","max-video-preview":"max-video-preview:-1"},"og_locale":"en_US","og_type":"article","og_title":"Events - elpulpejo.es","og_url":"https:\/\/elpulpejo.es\/en\/events\/","og_site_name":"elpulpejo.es","article_publisher":"https:\/\/www.facebook.com\/RestauranteLuisPintura\/","article_modified_time":"2015-12-17T13:06:08+00:00","og_image":[{"width":1920,"height":647,"url":"https:\/\/elpulpejo.es\/wp-content\/uploads\/2015\/10\/catering-eventos.jpg","type":"image\/jpeg"}],"twitter_card":"summary_large_image","twitter_site":"@Luispintura80","twitter_misc":{"Est. reading time":"2 minutes"},"schema":{"@context":"https:\/\/schema.org","@graph":[{"@type":"WebPage","@id":"https:\/\/elpulpejo.es\/en\/events\/","url":"https:\/\/elpulpejo.es\/en\/events\/","name":"Events - elpulpejo.es","isPartOf":{"@id":"https:\/\/elpulpejo.es\/#website"},"datePublished":"2015-12-15T11:00:47+00:00","dateModified":"2015-12-17T13:06:08+00:00","breadcrumb":{"@id":"https:\/\/elpulpejo.es\/en\/events\/#breadcrumb"},"inLanguage":"en-US","potentialAction":[{"@type":"ReadAction","target":["https:\/\/elpulpejo.es\/en\/events\/"]}]},{"@type":"BreadcrumbList","@id":"https:\/\/elpulpejo.es\/en\/events\/#breadcrumb","itemListElement":[{"@type":"ListItem","position":1,"name":"Portada","item":"https:\/\/elpulpejo.es\/en\/"},{"@type":"ListItem","position":2,"name":"Events"}]},{"@type":"WebSite","@id":"https:\/\/elpulpejo.es\/#website","url":"https:\/\/elpulpejo.es\/","name":"elpulpejo.es","description":"Pasi\u00f3n por la tradici\u00f3n y la innovaci\u00f3n en la cocina con Luis Portillo","publisher":{"@id":"https:\/\/elpulpejo.es\/#organization"},"potentialAction":[{"@type":"SearchAction","target":{"@type":"EntryPoint","urlTemplate":"https:\/\/elpulpejo.es\/?s={search_term_string}"},"query-input":"required name=search_term_string"}],"inLanguage":"en-US"},{"@type":"Organization","@id":"https:\/\/elpulpejo.es\/#organization","name":"Restaurante y catering Luis Portillo - El Pulpejo","url":"https:\/\/elpulpejo.es\/","logo":{"@type":"ImageObject","inLanguage":"en-US","@id":"https:\/\/elpulpejo.es\/#\/schema\/logo\/image\/","url":"https:\/\/elpulpejo.es\/wp-content\/uploads\/2015\/11\/el-pulpejo.png","contentUrl":"https:\/\/elpulpejo.es\/wp-content\/uploads\/2015\/11\/el-pulpejo.png","width":159,"height":156,"caption":"Restaurante y catering Luis Portillo - El Pulpejo"},"image":{"@id":"https:\/\/elpulpejo.es\/#\/schema\/logo\/image\/"},"sameAs":["https:\/\/www.facebook.com\/RestauranteLuisPintura\/","https:\/\/twitter.com\/Luispintura80"]}]}},"_links":{"self":[{"href":"https:\/\/elpulpejo.es\/en\/wp-json\/wp\/v2\/pages\/1180"}],"collection":[{"href":"https:\/\/elpulpejo.es\/en\/wp-json\/wp\/v2\/pages"}],"about":[{"href":"https:\/\/elpulpejo.es\/en\/wp-json\/wp\/v2\/types\/page"}],"author":[{"embeddable":true,"href":"https:\/\/elpulpejo.es\/en\/wp-json\/wp\/v2\/users\/5"}],"replies":[{"embeddable":true,"href":"https:\/\/elpulpejo.es\/en\/wp-json\/wp\/v2\/comments?post=1180"}],"version-history":[{"count":6,"href":"https:\/\/elpulpejo.es\/en\/wp-json\/wp\/v2\/pages\/1180\/revisions"}],"predecessor-version":[{"id":1187,"href":"https:\/\/elpulpejo.es\/en\/wp-json\/wp\/v2\/pages\/1180\/revisions\/1187"}],"wp:featuredmedia":[{"embeddable":true,"href":"https:\/\/elpulpejo.es\/en\/wp-json\/wp\/v2\/media\/999"}],"wp:attachment":[{"href":"https:\/\/elpulpejo.es\/en\/wp-json\/wp\/v2\/media?parent=1180"}],"curies":[{"name":"wp","href":"https:\/\/api.w.org\/{rel}","templated":true}]}}