{"id":1188,"date":"2015-12-15T11:17:31","date_gmt":"2015-12-15T11:17:31","guid":{"rendered":"https:\/\/elpulpejo.es\/en\/?page_id=1188"},"modified":"2015-12-17T13:07:07","modified_gmt":"2015-12-17T13:07:07","slug":"companies","status":"publish","type":"page","link":"https:\/\/elpulpejo.es\/en\/companies\/","title":{"rendered":"Companies"},"content":{"rendered":"<div class=\"pixcode  pixcode--grid  grid  \">\n\n<div class=\"grid__item six-twelfths palm-one-whole island\">\n\n<p style=\"text-align: center;\">For companies, Catering Luis Portillo is the best bet for managing and creating the food served at any of their events, whether formal work meetings or more leisurely business meals.<\/p>\n<p style=\"text-align: center;\">We&#8217;re experts in creating customised menus, which combine traditional recipes from La Campi\u00f1a and the innovative signature cuisine of Luis Portillo, whose skill can be seen in the perfect harmony he achieves with the nature of business meetings, as the food never eclipses the professional importance of the event.<\/p>\n<p style=\"text-align: center;\">Thanks to this catering service, clients can enjoy a truly gourmet experience for this type of events in Cadiz, Seville, Cordoba and Malaga.<\/p>\n<p>&nbsp;<\/p>\n\n<\/div>\n\n<div class=\"grid__item six-twelfths palm-one-whole island\">\n\n<p><img decoding=\"async\" loading=\"lazy\" class=\"alignnone size-full wp-image-842\" src=\"https:\/\/elpulpejo.es\/wp-content\/uploads\/2015\/10\/luis-portillo-servicio-catering-para-empresas-sevilla.jpg\" alt=\"Luis-Portillo-servicio--catering-para-empresas-sevilla\" width=\"770\" height=\"560\" srcset=\"https:\/\/elpulpejo.es\/wp-content\/uploads\/2015\/10\/luis-portillo-servicio-catering-para-empresas-sevilla.jpg 770w, https:\/\/elpulpejo.es\/wp-content\/uploads\/2015\/10\/luis-portillo-servicio-catering-para-empresas-sevilla-300x218.jpg 300w, https:\/\/elpulpejo.es\/wp-content\/uploads\/2015\/10\/luis-portillo-servicio-catering-para-empresas-sevilla-400x291.jpg 400w\" sizes=\"(max-width: 770px) 100vw, 770px\" \/><\/p>\n\n<\/div>\n\n\n<\/div>\n\n<div class=\"pixcode  pixcode--grid  grid  \">\n\n<div class=\"grid__item six-twelfths palm-one-whole island\">\n\n\n\t\t<style type='text\/css'>\n\t\t\t#gallery-0 {\n\t\t\t\tmargin: auto;\n\t\t\t}\n\t\t\t#gallery-0 .gallery-item {\n\t\t\t\tfloat: left;\n\t\t\t\ttext-align: center;\n\t\t\t\twidth: 50%;\n\t\t\t}\n\t\t\t\/* see gallery_shortcode() in wp-includes\/media.php *\/\n\t\t<\/style>\n\t\t<div id='gallery-0' class='gallery galleryid-1188 gallery-columns-2 gallery-size-medium'><figure class='gallery-item'>\n\t\t\t<div class='gallery-icon landscape'>\n\t\t\t\t<img width=\"300\" height=\"218\" src=\"https:\/\/elpulpejo.es\/wp-content\/uploads\/2015\/10\/luis-portillo-servicio-de-catering-para-comidas-de-empresa-malaga-1d4-300x218.jpg\" class=\"attachment-medium size-medium\" alt=\"\" decoding=\"async\" loading=\"lazy\" srcset=\"https:\/\/elpulpejo.es\/wp-content\/uploads\/2015\/10\/luis-portillo-servicio-de-catering-para-comidas-de-empresa-malaga-1d4-300x218.jpg 300w, https:\/\/elpulpejo.es\/wp-content\/uploads\/2015\/10\/luis-portillo-servicio-de-catering-para-comidas-de-empresa-malaga-1d4-400x291.jpg 400w, https:\/\/elpulpejo.es\/wp-content\/uploads\/2015\/10\/luis-portillo-servicio-de-catering-para-comidas-de-empresa-malaga-1d4.jpg 576w\" sizes=\"(max-width: 300px) 100vw, 300px\" \/>\n\t\t\t<\/div><\/figure><figure class='gallery-item'>\n\t\t\t<div class='gallery-icon landscape'>\n\t\t\t\t<img width=\"300\" height=\"218\" src=\"https:\/\/elpulpejo.es\/wp-content\/uploads\/2015\/10\/luis-portillo-servicio-de-catering-para-comidas-de-empresa-cadiz-1d4-300x218.jpg\" class=\"attachment-medium size-medium\" alt=\"\" decoding=\"async\" loading=\"lazy\" srcset=\"https:\/\/elpulpejo.es\/wp-content\/uploads\/2015\/10\/luis-portillo-servicio-de-catering-para-comidas-de-empresa-cadiz-1d4-300x218.jpg 300w, https:\/\/elpulpejo.es\/wp-content\/uploads\/2015\/10\/luis-portillo-servicio-de-catering-para-comidas-de-empresa-cadiz-1d4-400x291.jpg 400w, https:\/\/elpulpejo.es\/wp-content\/uploads\/2015\/10\/luis-portillo-servicio-de-catering-para-comidas-de-empresa-cadiz-1d4.jpg 576w\" sizes=\"(max-width: 300px) 100vw, 300px\" \/>\n\t\t\t<\/div><\/figure><figure class='gallery-item'>\n\t\t\t<div class='gallery-icon landscape'>\n\t\t\t\t<img width=\"300\" height=\"218\" src=\"https:\/\/elpulpejo.es\/wp-content\/uploads\/2015\/10\/luis-portillo-servicio-de-catering-para-comidas-de-empresa-cordoba-1d4-300x218.jpg\" class=\"attachment-medium size-medium\" alt=\"\" decoding=\"async\" loading=\"lazy\" srcset=\"https:\/\/elpulpejo.es\/wp-content\/uploads\/2015\/10\/luis-portillo-servicio-de-catering-para-comidas-de-empresa-cordoba-1d4-300x218.jpg 300w, https:\/\/elpulpejo.es\/wp-content\/uploads\/2015\/10\/luis-portillo-servicio-de-catering-para-comidas-de-empresa-cordoba-1d4-400x291.jpg 400w, https:\/\/elpulpejo.es\/wp-content\/uploads\/2015\/10\/luis-portillo-servicio-de-catering-para-comidas-de-empresa-cordoba-1d4.jpg 576w\" sizes=\"(max-width: 300px) 100vw, 300px\" \/>\n\t\t\t<\/div><\/figure><figure class='gallery-item'>\n\t\t\t<div class='gallery-icon landscape'>\n\t\t\t\t<img width=\"300\" height=\"218\" src=\"https:\/\/elpulpejo.es\/wp-content\/uploads\/2015\/10\/luis-portillo-servicio-de-catering-para-comidas-de-empresa-sevilla-1d4-300x218.jpg\" class=\"attachment-medium size-medium\" alt=\"\" decoding=\"async\" loading=\"lazy\" srcset=\"https:\/\/elpulpejo.es\/wp-content\/uploads\/2015\/10\/luis-portillo-servicio-de-catering-para-comidas-de-empresa-sevilla-1d4-300x218.jpg 300w, https:\/\/elpulpejo.es\/wp-content\/uploads\/2015\/10\/luis-portillo-servicio-de-catering-para-comidas-de-empresa-sevilla-1d4-400x291.jpg 400w, https:\/\/elpulpejo.es\/wp-content\/uploads\/2015\/10\/luis-portillo-servicio-de-catering-para-comidas-de-empresa-sevilla-1d4.jpg 576w\" sizes=\"(max-width: 300px) 100vw, 300px\" \/>\n\t\t\t<\/div><\/figure>\n\t\t<\/div>\n\n\n<\/div>\n\n<div class=\"grid__item six-twelfths palm-one-whole island\">\n\n<h2 style=\"text-align: center;\">BUSINESS MEALS<\/h2>\n<p style=\"text-align: center;\">Business meals are the perfect time to get to know workmates in a more relaxed setting. This is why Catering Luis Portillo aims to make it even easier with a top-notch menu for the occasion.<\/p>\n<p style=\"text-align: center;\">What better than enjoying dishes that combine traditional gastronomy with haute cuisine, all created with local produce of the highest quality, while chatting with workmates about the most trivial things?<\/p>\n<p style=\"text-align: center;\">Thanks to this catering service, clients can enjoy the best business meals in Jerez, Seville, Cordoba and Malaga.<\/p>\n\n<\/div>\n\n\n<\/div>\n\n<div class=\"pixcode  pixcode--grid  grid  \">\n\n<div class=\"grid__item six-twelfths palm-one-whole island\">\n\n<h2 style=\"text-align: center;\">BUSINESS MEETINGS<\/h2>\n<p style=\"text-align: center;\">We know how important your business meetings are to the company. They are professional events where important decisions are taken and agreements reached, where the future of your business may be on the line. This is why Catering Luis Portillo takes care of every last detail with regards to the food, including personalised guidance.<\/p>\n<p style=\"text-align: center;\">Our chef creates the perfect menu depending on the particularities of the meeting, so that each guest can enjoy an exquisite yet restrained culinary experience that allows them to focus on what matters most, the goals.<\/p>\n<p style=\"text-align: center;\">Companies that want to bring value added to their negotiations can hire our catering service in Cordoba, Seville, Cadiz and Huelva.<\/p>\n\n<\/div>\n\n<div class=\"grid__item six-twelfths palm-one-whole island\">\n\n<p><a href=\"https:\/\/elpulpejo.es\/wp-content\/uploads\/2015\/10\/catering-luis-portillo-servicio-de-catering-para-reniones-de-trabajo-sevilla-1d1.jpg\"><img decoding=\"async\" loading=\"lazy\" class=\"alignnone size-full wp-image-808\" src=\"https:\/\/elpulpejo.es\/wp-content\/uploads\/2015\/10\/catering-luis-portillo-servicio-de-catering-para-reniones-de-trabajo-sevilla-1d1.jpg\" alt=\"Catering-Luis-Portillo-servicio-de-catering-para-reniones-de-trabajo-sevilla-1d1\" width=\"770\" height=\"560\" srcset=\"https:\/\/elpulpejo.es\/wp-content\/uploads\/2015\/10\/catering-luis-portillo-servicio-de-catering-para-reniones-de-trabajo-sevilla-1d1.jpg 770w, https:\/\/elpulpejo.es\/wp-content\/uploads\/2015\/10\/catering-luis-portillo-servicio-de-catering-para-reniones-de-trabajo-sevilla-1d1-300x218.jpg 300w, https:\/\/elpulpejo.es\/wp-content\/uploads\/2015\/10\/catering-luis-portillo-servicio-de-catering-para-reniones-de-trabajo-sevilla-1d1-400x291.jpg 400w\" sizes=\"(max-width: 770px) 100vw, 770px\" \/><\/a><\/p>\n\n<\/div>\n\n\n<\/div>\n\n","protected":false},"excerpt":{"rendered":"","protected":false},"author":5,"featured_media":1001,"parent":0,"menu_order":0,"comment_status":"closed","ping_status":"closed","template":"","meta":[],"yoast_head":"<!-- This site is optimized with the Yoast SEO plugin v19.11 - https:\/\/yoast.com\/wordpress\/plugins\/seo\/ -->\n<title>Companies - elpulpejo.es<\/title>\n<meta name=\"robots\" content=\"index, follow, max-snippet:-1, max-image-preview:large, max-video-preview:-1\" \/>\n<meta property=\"og:locale\" content=\"en_US\" \/>\n<meta property=\"og:type\" content=\"article\" \/>\n<meta property=\"og:title\" content=\"Companies - elpulpejo.es\" \/>\n<meta property=\"og:url\" content=\"https:\/\/elpulpejo.es\/en\/companies\/\" \/>\n<meta property=\"og:site_name\" content=\"elpulpejo.es\" \/>\n<meta property=\"article:publisher\" content=\"https:\/\/www.facebook.com\/RestauranteLuisPintura\/\" \/>\n<meta property=\"article:modified_time\" content=\"2015-12-17T13:07:07+00:00\" \/>\n<meta property=\"og:image\" content=\"https:\/\/elpulpejo.es\/wp-content\/uploads\/2015\/10\/catering-empresas.jpg\" \/>\n\t<meta property=\"og:image:width\" content=\"1920\" \/>\n\t<meta property=\"og:image:height\" content=\"647\" \/>\n\t<meta property=\"og:image:type\" content=\"image\/jpeg\" \/>\n<meta name=\"twitter:card\" content=\"summary_large_image\" \/>\n<meta name=\"twitter:site\" content=\"@Luispintura80\" \/>\n<meta name=\"twitter:label1\" content=\"Est. reading time\" \/>\n\t<meta name=\"twitter:data1\" content=\"2 minutes\" \/>\n<script type=\"application\/ld+json\" class=\"yoast-schema-graph\">{\"@context\":\"https:\/\/schema.org\",\"@graph\":[{\"@type\":\"WebPage\",\"@id\":\"https:\/\/elpulpejo.es\/en\/companies\/\",\"url\":\"https:\/\/elpulpejo.es\/en\/companies\/\",\"name\":\"Companies - elpulpejo.es\",\"isPartOf\":{\"@id\":\"https:\/\/elpulpejo.es\/#website\"},\"datePublished\":\"2015-12-15T11:17:31+00:00\",\"dateModified\":\"2015-12-17T13:07:07+00:00\",\"breadcrumb\":{\"@id\":\"https:\/\/elpulpejo.es\/en\/companies\/#breadcrumb\"},\"inLanguage\":\"en-US\",\"potentialAction\":[{\"@type\":\"ReadAction\",\"target\":[\"https:\/\/elpulpejo.es\/en\/companies\/\"]}]},{\"@type\":\"BreadcrumbList\",\"@id\":\"https:\/\/elpulpejo.es\/en\/companies\/#breadcrumb\",\"itemListElement\":[{\"@type\":\"ListItem\",\"position\":1,\"name\":\"Portada\",\"item\":\"https:\/\/elpulpejo.es\/en\/\"},{\"@type\":\"ListItem\",\"position\":2,\"name\":\"Companies\"}]},{\"@type\":\"WebSite\",\"@id\":\"https:\/\/elpulpejo.es\/#website\",\"url\":\"https:\/\/elpulpejo.es\/\",\"name\":\"elpulpejo.es\",\"description\":\"Pasi\u00f3n por la tradici\u00f3n y la innovaci\u00f3n en la cocina con Luis Portillo\",\"publisher\":{\"@id\":\"https:\/\/elpulpejo.es\/#organization\"},\"potentialAction\":[{\"@type\":\"SearchAction\",\"target\":{\"@type\":\"EntryPoint\",\"urlTemplate\":\"https:\/\/elpulpejo.es\/?s={search_term_string}\"},\"query-input\":\"required name=search_term_string\"}],\"inLanguage\":\"en-US\"},{\"@type\":\"Organization\",\"@id\":\"https:\/\/elpulpejo.es\/#organization\",\"name\":\"Restaurante y catering Luis Portillo - El Pulpejo\",\"url\":\"https:\/\/elpulpejo.es\/\",\"logo\":{\"@type\":\"ImageObject\",\"inLanguage\":\"en-US\",\"@id\":\"https:\/\/elpulpejo.es\/#\/schema\/logo\/image\/\",\"url\":\"https:\/\/elpulpejo.es\/wp-content\/uploads\/2015\/11\/el-pulpejo.png\",\"contentUrl\":\"https:\/\/elpulpejo.es\/wp-content\/uploads\/2015\/11\/el-pulpejo.png\",\"width\":159,\"height\":156,\"caption\":\"Restaurante y catering Luis Portillo - El Pulpejo\"},\"image\":{\"@id\":\"https:\/\/elpulpejo.es\/#\/schema\/logo\/image\/\"},\"sameAs\":[\"https:\/\/www.facebook.com\/RestauranteLuisPintura\/\",\"https:\/\/twitter.com\/Luispintura80\"]}]}<\/script>\n<!-- \/ Yoast SEO plugin. -->","yoast_head_json":{"title":"Companies - elpulpejo.es","robots":{"index":"index","follow":"follow","max-snippet":"max-snippet:-1","max-image-preview":"max-image-preview:large","max-video-preview":"max-video-preview:-1"},"og_locale":"en_US","og_type":"article","og_title":"Companies - elpulpejo.es","og_url":"https:\/\/elpulpejo.es\/en\/companies\/","og_site_name":"elpulpejo.es","article_publisher":"https:\/\/www.facebook.com\/RestauranteLuisPintura\/","article_modified_time":"2015-12-17T13:07:07+00:00","og_image":[{"width":1920,"height":647,"url":"https:\/\/elpulpejo.es\/wp-content\/uploads\/2015\/10\/catering-empresas.jpg","type":"image\/jpeg"}],"twitter_card":"summary_large_image","twitter_site":"@Luispintura80","twitter_misc":{"Est. reading time":"2 minutes"},"schema":{"@context":"https:\/\/schema.org","@graph":[{"@type":"WebPage","@id":"https:\/\/elpulpejo.es\/en\/companies\/","url":"https:\/\/elpulpejo.es\/en\/companies\/","name":"Companies - elpulpejo.es","isPartOf":{"@id":"https:\/\/elpulpejo.es\/#website"},"datePublished":"2015-12-15T11:17:31+00:00","dateModified":"2015-12-17T13:07:07+00:00","breadcrumb":{"@id":"https:\/\/elpulpejo.es\/en\/companies\/#breadcrumb"},"inLanguage":"en-US","potentialAction":[{"@type":"ReadAction","target":["https:\/\/elpulpejo.es\/en\/companies\/"]}]},{"@type":"BreadcrumbList","@id":"https:\/\/elpulpejo.es\/en\/companies\/#breadcrumb","itemListElement":[{"@type":"ListItem","position":1,"name":"Portada","item":"https:\/\/elpulpejo.es\/en\/"},{"@type":"ListItem","position":2,"name":"Companies"}]},{"@type":"WebSite","@id":"https:\/\/elpulpejo.es\/#website","url":"https:\/\/elpulpejo.es\/","name":"elpulpejo.es","description":"Pasi\u00f3n por la tradici\u00f3n y la innovaci\u00f3n en la cocina con Luis Portillo","publisher":{"@id":"https:\/\/elpulpejo.es\/#organization"},"potentialAction":[{"@type":"SearchAction","target":{"@type":"EntryPoint","urlTemplate":"https:\/\/elpulpejo.es\/?s={search_term_string}"},"query-input":"required name=search_term_string"}],"inLanguage":"en-US"},{"@type":"Organization","@id":"https:\/\/elpulpejo.es\/#organization","name":"Restaurante y catering Luis Portillo - El Pulpejo","url":"https:\/\/elpulpejo.es\/","logo":{"@type":"ImageObject","inLanguage":"en-US","@id":"https:\/\/elpulpejo.es\/#\/schema\/logo\/image\/","url":"https:\/\/elpulpejo.es\/wp-content\/uploads\/2015\/11\/el-pulpejo.png","contentUrl":"https:\/\/elpulpejo.es\/wp-content\/uploads\/2015\/11\/el-pulpejo.png","width":159,"height":156,"caption":"Restaurante y catering Luis Portillo - El Pulpejo"},"image":{"@id":"https:\/\/elpulpejo.es\/#\/schema\/logo\/image\/"},"sameAs":["https:\/\/www.facebook.com\/RestauranteLuisPintura\/","https:\/\/twitter.com\/Luispintura80"]}]}},"_links":{"self":[{"href":"https:\/\/elpulpejo.es\/en\/wp-json\/wp\/v2\/pages\/1188"}],"collection":[{"href":"https:\/\/elpulpejo.es\/en\/wp-json\/wp\/v2\/pages"}],"about":[{"href":"https:\/\/elpulpejo.es\/en\/wp-json\/wp\/v2\/types\/page"}],"author":[{"embeddable":true,"href":"https:\/\/elpulpejo.es\/en\/wp-json\/wp\/v2\/users\/5"}],"replies":[{"embeddable":true,"href":"https:\/\/elpulpejo.es\/en\/wp-json\/wp\/v2\/comments?post=1188"}],"version-history":[{"count":2,"href":"https:\/\/elpulpejo.es\/en\/wp-json\/wp\/v2\/pages\/1188\/revisions"}],"predecessor-version":[{"id":1190,"href":"https:\/\/elpulpejo.es\/en\/wp-json\/wp\/v2\/pages\/1188\/revisions\/1190"}],"wp:featuredmedia":[{"embeddable":true,"href":"https:\/\/elpulpejo.es\/en\/wp-json\/wp\/v2\/media\/1001"}],"wp:attachment":[{"href":"https:\/\/elpulpejo.es\/en\/wp-json\/wp\/v2\/media?parent=1188"}],"curies":[{"name":"wp","href":"https:\/\/api.w.org\/{rel}","templated":true}]}}