{"id":1196,"date":"2015-12-15T12:14:08","date_gmt":"2015-12-15T12:14:08","guid":{"rendered":"https:\/\/elpulpejo.es\/en\/?page_id=1196"},"modified":"2015-12-15T12:15:04","modified_gmt":"2015-12-15T12:15:04","slug":"luis-portillo","status":"publish","type":"page","link":"https:\/\/elpulpejo.es\/en\/luis-portillo\/","title":{"rendered":"Luis Portillo"},"content":{"rendered":"<div class=\"pixcode  pixcode--grid  grid  \">\n\n<div class=\"grid__item six-twelfths palm-one-whole island\">\n\n<p style=\"text-align: center;\">Luis Portillo Camacho, also known in his native Arahal as Luis Pintura, is head chef at the El Pulpejo restaurant and at Catering Luis Portillo. And who better for the job? Luis has always known, from his very first kitchen. Although, like anything that is worthwhile, his path was full of hard work and sacrifice.<\/p>\n<p style=\"text-align: center;\">This fan of Mortadelo and Filem\u00f3n left Arahal against his the wishes of his father, who wanted him to be a biologist, and went to Zarautz, where he learned from Argui\u00f1ano and other culinary greats. Then he completed his training by working in some of the most prestigious kitchens in Spain, including that of Karlos Argui\u00f1ano and those at  and , both of which have one Michelin star and three Repsol suns.<\/p>\n<p>&nbsp;<\/p>\n\n<\/div>\n\n<div class=\"grid__item six-twelfths palm-one-whole island\">\n\n<p><img decoding=\"async\" loading=\"lazy\" class=\"alignnone size-full wp-image-864\" src=\"https:\/\/elpulpejo.es\/wp-content\/uploads\/2015\/10\/intro-bg.jpg\" alt=\"intro-bg\" width=\"1024\" height=\"647\" srcset=\"https:\/\/elpulpejo.es\/wp-content\/uploads\/2015\/10\/intro-bg.jpg 1024w, https:\/\/elpulpejo.es\/wp-content\/uploads\/2015\/10\/intro-bg-300x190.jpg 300w, https:\/\/elpulpejo.es\/wp-content\/uploads\/2015\/10\/intro-bg-900x569.jpg 900w, https:\/\/elpulpejo.es\/wp-content\/uploads\/2015\/10\/intro-bg-400x253.jpg 400w\" sizes=\"(max-width: 1024px) 100vw, 1024px\" \/><\/p>\n\n<\/div>\n\n\n<\/div>\n\n<div class=\"pixcode  pixcode--grid  grid  island\">\n\n<div class=\"grid__item six-twelfths palm-one-whole \">\n\n<p><a href=\"https:\/\/elpulpejo.es\/wp-content\/uploads\/2015\/11\/luis-y-el-pez-sin-olivo-recortada-600x800.jpg\"><img decoding=\"async\" loading=\"lazy\" class=\"alignnone size-full wp-image-959\" src=\"https:\/\/elpulpejo.es\/wp-content\/uploads\/2015\/11\/luis-y-el-pez-sin-olivo-recortada-600x800.jpg\" alt=\"luis-y-el-pez-sin-olivo-recortada-600x800\" width=\"770\" height=\"560\" \/><\/a><\/p>\n\n<\/div>\n\n<div class=\"grid__item six-twelfths palm-one-whole island\">\n\n<p style=\"text-align: center;\">Now he&#8217;s at the helm of his own project, which is based on a combination of Spanish dishes and market cuisine, with innovative, creative signature touches<\/p>\n<p style=\"text-align: center;\">He&#8217;s shy and calm, but he funnels strength and character into his food to give it the culinary wisdom of the land, La Campi\u00f1a, and its daring innovation, which he absorbs to perfection thanks to his passion for all things &#8220;glocal&#8221; and local produce.<\/p>\n<p style=\"text-align: center;\">The kitchen is his ship and like any good captain, he never abandons it. Not even that time he got second-degree burns and kept on working until the end of service.<\/p>\n<p style=\"text-align: center;\">Plus, he puts his experience towards teaching and delighting others, you just have to look at the results of his collaboration with .<\/p>\n\n<\/div>\n\n\n<\/div>\n\n<div class=\"pixcode  pixcode--grid  grid  \">\n\n<div class=\"grid__item six-twelfths palm-one-whole island\">\n\n<p>&nbsp;<\/p>\n<p style=\"text-align: center;\">In any case, there&#8217;s no better introduction to this member of  (the European Community of Chefs presided over by Pedro Subijana) with a degree in veggies and one of the finalists in Hechos de Talento, than his own dishes.\u00a0 That&#8217;s why we invite you to discover for yourself what Luis Portillo can do when he combines creativity, tradition and the quality of local produce.<\/p>\n<p style=\"text-align: center;\">Because a chef shouldn&#8217;t introduce himself with words, but with flavours.<\/p>\n<p style=\"text-align: center;\">Don&#8217;t just sit there looking at the screen, come discover Luis Portillo.<\/p>\n<p>&nbsp;<\/p>\n\n<\/div>\n\n<div class=\"grid__item six-twelfths palm-one-whole island\">\n\n<p>&nbsp;<\/p>\n\n\t\t<style type='text\/css'>\n\t\t\t#gallery-0 {\n\t\t\t\tmargin: auto;\n\t\t\t}\n\t\t\t#gallery-0 .gallery-item {\n\t\t\t\tfloat: left;\n\t\t\t\ttext-align: center;\n\t\t\t\twidth: 50%;\n\t\t\t}\n\t\t\t\/* see gallery_shortcode() in wp-includes\/media.php *\/\n\t\t<\/style>\n\t\t<div id='gallery-0' class='gallery galleryid-1196 gallery-columns-2 gallery-size-medium'><figure class='gallery-item'>\n\t\t\t<div class='gallery-icon portrait'>\n\t\t\t\t<img width=\"222\" height=\"300\" src=\"https:\/\/elpulpejo.es\/wp-content\/uploads\/2015\/10\/luis-seta-222x300.jpg\" class=\"attachment-medium size-medium\" alt=\"\" decoding=\"async\" loading=\"lazy\" srcset=\"https:\/\/elpulpejo.es\/wp-content\/uploads\/2015\/10\/luis-seta-222x300.jpg 222w, https:\/\/elpulpejo.es\/wp-content\/uploads\/2015\/10\/luis-seta-400x540.jpg 400w, https:\/\/elpulpejo.es\/wp-content\/uploads\/2015\/10\/luis-seta.jpg 484w\" sizes=\"(max-width: 222px) 100vw, 222px\" \/>\n\t\t\t<\/div><\/figure><figure class='gallery-item'>\n\t\t\t<div class='gallery-icon portrait'>\n\t\t\t\t<img width=\"220\" height=\"300\" src=\"https:\/\/elpulpejo.es\/wp-content\/uploads\/2015\/10\/luis-pescado-220x300.jpg\" class=\"attachment-medium size-medium\" alt=\"\" decoding=\"async\" loading=\"lazy\" srcset=\"https:\/\/elpulpejo.es\/wp-content\/uploads\/2015\/10\/luis-pescado-220x300.jpg 220w, https:\/\/elpulpejo.es\/wp-content\/uploads\/2015\/10\/luis-pescado-400x545.jpg 400w, https:\/\/elpulpejo.es\/wp-content\/uploads\/2015\/10\/luis-pescado.jpg 562w\" sizes=\"(max-width: 220px) 100vw, 220px\" \/>\n\t\t\t<\/div><\/figure>\n\t\t<\/div>\n\n\n<\/div>\n\n\n<\/div>\n\n","protected":false},"excerpt":{"rendered":"","protected":false},"author":5,"featured_media":1059,"parent":0,"menu_order":0,"comment_status":"closed","ping_status":"closed","template":"","meta":[],"yoast_head":"<!-- This site is optimized with the Yoast SEO plugin v19.11 - https:\/\/yoast.com\/wordpress\/plugins\/seo\/ -->\n<title>Luis Portillo - elpulpejo.es<\/title>\n<meta name=\"robots\" content=\"index, follow, max-snippet:-1, max-image-preview:large, max-video-preview:-1\" \/>\n<meta property=\"og:locale\" content=\"en_US\" \/>\n<meta property=\"og:type\" content=\"article\" \/>\n<meta property=\"og:title\" content=\"Luis Portillo - elpulpejo.es\" \/>\n<meta property=\"og:url\" content=\"https:\/\/elpulpejo.es\/en\/luis-portillo\/\" \/>\n<meta property=\"og:site_name\" content=\"elpulpejo.es\" \/>\n<meta property=\"article:publisher\" content=\"https:\/\/www.facebook.com\/RestauranteLuisPintura\/\" \/>\n<meta property=\"article:modified_time\" content=\"2015-12-15T12:15:04+00:00\" \/>\n<meta property=\"og:image\" content=\"https:\/\/elpulpejo.es\/wp-content\/uploads\/2015\/10\/cabeceras-secciones-luis.jpg\" \/>\n\t<meta property=\"og:image:width\" content=\"1920\" \/>\n\t<meta property=\"og:image:height\" content=\"647\" \/>\n\t<meta property=\"og:image:type\" content=\"image\/jpeg\" \/>\n<meta name=\"twitter:card\" content=\"summary_large_image\" \/>\n<meta name=\"twitter:site\" content=\"@Luispintura80\" \/>\n<meta name=\"twitter:label1\" content=\"Est. reading time\" \/>\n\t<meta name=\"twitter:data1\" content=\"2 minutes\" \/>\n<script type=\"application\/ld+json\" class=\"yoast-schema-graph\">{\"@context\":\"https:\/\/schema.org\",\"@graph\":[{\"@type\":\"WebPage\",\"@id\":\"https:\/\/elpulpejo.es\/en\/luis-portillo\/\",\"url\":\"https:\/\/elpulpejo.es\/en\/luis-portillo\/\",\"name\":\"Luis Portillo - elpulpejo.es\",\"isPartOf\":{\"@id\":\"https:\/\/elpulpejo.es\/#website\"},\"datePublished\":\"2015-12-15T12:14:08+00:00\",\"dateModified\":\"2015-12-15T12:15:04+00:00\",\"breadcrumb\":{\"@id\":\"https:\/\/elpulpejo.es\/en\/luis-portillo\/#breadcrumb\"},\"inLanguage\":\"en-US\",\"potentialAction\":[{\"@type\":\"ReadAction\",\"target\":[\"https:\/\/elpulpejo.es\/en\/luis-portillo\/\"]}]},{\"@type\":\"BreadcrumbList\",\"@id\":\"https:\/\/elpulpejo.es\/en\/luis-portillo\/#breadcrumb\",\"itemListElement\":[{\"@type\":\"ListItem\",\"position\":1,\"name\":\"Portada\",\"item\":\"https:\/\/elpulpejo.es\/en\/\"},{\"@type\":\"ListItem\",\"position\":2,\"name\":\"Luis Portillo\"}]},{\"@type\":\"WebSite\",\"@id\":\"https:\/\/elpulpejo.es\/#website\",\"url\":\"https:\/\/elpulpejo.es\/\",\"name\":\"elpulpejo.es\",\"description\":\"Pasi\u00f3n por la tradici\u00f3n y la innovaci\u00f3n en la cocina con Luis Portillo\",\"publisher\":{\"@id\":\"https:\/\/elpulpejo.es\/#organization\"},\"potentialAction\":[{\"@type\":\"SearchAction\",\"target\":{\"@type\":\"EntryPoint\",\"urlTemplate\":\"https:\/\/elpulpejo.es\/?s={search_term_string}\"},\"query-input\":\"required name=search_term_string\"}],\"inLanguage\":\"en-US\"},{\"@type\":\"Organization\",\"@id\":\"https:\/\/elpulpejo.es\/#organization\",\"name\":\"Restaurante y catering Luis Portillo - El Pulpejo\",\"url\":\"https:\/\/elpulpejo.es\/\",\"logo\":{\"@type\":\"ImageObject\",\"inLanguage\":\"en-US\",\"@id\":\"https:\/\/elpulpejo.es\/#\/schema\/logo\/image\/\",\"url\":\"https:\/\/elpulpejo.es\/wp-content\/uploads\/2015\/11\/el-pulpejo.png\",\"contentUrl\":\"https:\/\/elpulpejo.es\/wp-content\/uploads\/2015\/11\/el-pulpejo.png\",\"width\":159,\"height\":156,\"caption\":\"Restaurante y catering Luis Portillo - El Pulpejo\"},\"image\":{\"@id\":\"https:\/\/elpulpejo.es\/#\/schema\/logo\/image\/\"},\"sameAs\":[\"https:\/\/www.facebook.com\/RestauranteLuisPintura\/\",\"https:\/\/twitter.com\/Luispintura80\"]}]}<\/script>\n<!-- \/ Yoast SEO plugin. -->","yoast_head_json":{"title":"Luis Portillo - elpulpejo.es","robots":{"index":"index","follow":"follow","max-snippet":"max-snippet:-1","max-image-preview":"max-image-preview:large","max-video-preview":"max-video-preview:-1"},"og_locale":"en_US","og_type":"article","og_title":"Luis Portillo - elpulpejo.es","og_url":"https:\/\/elpulpejo.es\/en\/luis-portillo\/","og_site_name":"elpulpejo.es","article_publisher":"https:\/\/www.facebook.com\/RestauranteLuisPintura\/","article_modified_time":"2015-12-15T12:15:04+00:00","og_image":[{"width":1920,"height":647,"url":"https:\/\/elpulpejo.es\/wp-content\/uploads\/2015\/10\/cabeceras-secciones-luis.jpg","type":"image\/jpeg"}],"twitter_card":"summary_large_image","twitter_site":"@Luispintura80","twitter_misc":{"Est. reading time":"2 minutes"},"schema":{"@context":"https:\/\/schema.org","@graph":[{"@type":"WebPage","@id":"https:\/\/elpulpejo.es\/en\/luis-portillo\/","url":"https:\/\/elpulpejo.es\/en\/luis-portillo\/","name":"Luis Portillo - elpulpejo.es","isPartOf":{"@id":"https:\/\/elpulpejo.es\/#website"},"datePublished":"2015-12-15T12:14:08+00:00","dateModified":"2015-12-15T12:15:04+00:00","breadcrumb":{"@id":"https:\/\/elpulpejo.es\/en\/luis-portillo\/#breadcrumb"},"inLanguage":"en-US","potentialAction":[{"@type":"ReadAction","target":["https:\/\/elpulpejo.es\/en\/luis-portillo\/"]}]},{"@type":"BreadcrumbList","@id":"https:\/\/elpulpejo.es\/en\/luis-portillo\/#breadcrumb","itemListElement":[{"@type":"ListItem","position":1,"name":"Portada","item":"https:\/\/elpulpejo.es\/en\/"},{"@type":"ListItem","position":2,"name":"Luis Portillo"}]},{"@type":"WebSite","@id":"https:\/\/elpulpejo.es\/#website","url":"https:\/\/elpulpejo.es\/","name":"elpulpejo.es","description":"Pasi\u00f3n por la tradici\u00f3n y la innovaci\u00f3n en la cocina con Luis Portillo","publisher":{"@id":"https:\/\/elpulpejo.es\/#organization"},"potentialAction":[{"@type":"SearchAction","target":{"@type":"EntryPoint","urlTemplate":"https:\/\/elpulpejo.es\/?s={search_term_string}"},"query-input":"required name=search_term_string"}],"inLanguage":"en-US"},{"@type":"Organization","@id":"https:\/\/elpulpejo.es\/#organization","name":"Restaurante y catering Luis Portillo - El Pulpejo","url":"https:\/\/elpulpejo.es\/","logo":{"@type":"ImageObject","inLanguage":"en-US","@id":"https:\/\/elpulpejo.es\/#\/schema\/logo\/image\/","url":"https:\/\/elpulpejo.es\/wp-content\/uploads\/2015\/11\/el-pulpejo.png","contentUrl":"https:\/\/elpulpejo.es\/wp-content\/uploads\/2015\/11\/el-pulpejo.png","width":159,"height":156,"caption":"Restaurante y catering Luis Portillo - El Pulpejo"},"image":{"@id":"https:\/\/elpulpejo.es\/#\/schema\/logo\/image\/"},"sameAs":["https:\/\/www.facebook.com\/RestauranteLuisPintura\/","https:\/\/twitter.com\/Luispintura80"]}]}},"_links":{"self":[{"href":"https:\/\/elpulpejo.es\/en\/wp-json\/wp\/v2\/pages\/1196"}],"collection":[{"href":"https:\/\/elpulpejo.es\/en\/wp-json\/wp\/v2\/pages"}],"about":[{"href":"https:\/\/elpulpejo.es\/en\/wp-json\/wp\/v2\/types\/page"}],"author":[{"embeddable":true,"href":"https:\/\/elpulpejo.es\/en\/wp-json\/wp\/v2\/users\/5"}],"replies":[{"embeddable":true,"href":"https:\/\/elpulpejo.es\/en\/wp-json\/wp\/v2\/comments?post=1196"}],"version-history":[{"count":3,"href":"https:\/\/elpulpejo.es\/en\/wp-json\/wp\/v2\/pages\/1196\/revisions"}],"predecessor-version":[{"id":1199,"href":"https:\/\/elpulpejo.es\/en\/wp-json\/wp\/v2\/pages\/1196\/revisions\/1199"}],"wp:featuredmedia":[{"embeddable":true,"href":"https:\/\/elpulpejo.es\/en\/wp-json\/wp\/v2\/media\/1059"}],"wp:attachment":[{"href":"https:\/\/elpulpejo.es\/en\/wp-json\/wp\/v2\/media?parent=1196"}],"curies":[{"name":"wp","href":"https:\/\/api.w.org\/{rel}","templated":true}]}}