{"id":1201,"date":"2015-12-15T12:18:43","date_gmt":"2015-12-15T12:18:43","guid":{"rendered":"https:\/\/elpulpejo.es\/en\/?page_id=1201"},"modified":"2015-12-17T13:02:36","modified_gmt":"2015-12-17T13:02:36","slug":"contact","status":"publish","type":"page","link":"https:\/\/elpulpejo.es\/en\/contact\/","title":{"rendered":"Contact"},"content":{"rendered":"<div class=\"pixcode  pixcode--grid  grid  thick-gutter  \">\n<div class=\"grid__item six-twelfths palm-one-whole \">\n\n<p>We look forward to meeting you. Why don&#8217;t you give us a ring on\u00a0<strong><a style=\"color: #000000;\" href=\"tel:+34955840800\">+34 955 840 800<\/a><\/strong> and we&#8217;ll save you a table at our restaurant in Arahal? Or, better yet, hire our catering service and we&#8217;ll come to you.<\/p>\n<p>If you don&#8217;t like speaking on the phone, don&#8217;t worry! You can get in touch with us by filling in this contact form. We&#8217;ll get back to you as soon as possible!<\/p>\n<h4 class=\"widget__title widget--menu__title\"><\/h4>\n<p>&nbsp;<\/p>\n<h4 class=\"widget__title widget--menu__title\">Follow us on<\/h4>\n<a class=\"pixcode-icon-link\"  href=\"https:\/\/www.facebook.com\/RestauranteLuisPintura\/\"  target=\"_blank\" \"><i class=\"pixcode  pixcode--icon  icon-e-facebook  circle  medium  \"><\/i><\/a> <a class=\"pixcode-icon-link\"  href=\"https:\/\/twitter.com\/Luispintura80\"  target=\"_blank\" \"><i class=\"pixcode  pixcode--icon  icon-e-twitter  circle  medium  \"><\/i><\/a> <a class=\"pixcode-icon-link\"  href=\"http:\/\/www.tripadvisor.es\/Restaurant_Review-g1728809-d5795156-Reviews-Restaurante_Luis_Pintura-Arahal_Province_of_Seville_Andalucia.html\"  target=\"_blank\" \"><i class=\"pixcode  pixcode--icon  icon-e-tripadvisor  circle  medium  \"><\/i><\/a>\n\n<\/div>\n\n<div class=\"grid__item six-twelfths palm-one-whole \">\n\n<div role=\"form\" class=\"wpcf7\" id=\"wpcf7-f1206-o1\" lang=\"en-US\" dir=\"ltr\">\n<div class=\"screen-reader-response\"><p role=\"status\" aria-live=\"polite\" aria-atomic=\"true\"><\/p> <ul><\/ul><\/div>\n<form action=\"\/en\/wp-json\/wp\/v2\/pages\/1201#wpcf7-f1206-o1\" method=\"post\" class=\"wpcf7-form init\" novalidate=\"novalidate\" data-status=\"init\">\n<div style=\"display: none;\">\n<input type=\"hidden\" name=\"_wpcf7\" value=\"1206\" \/>\n<input type=\"hidden\" name=\"_wpcf7_version\" value=\"5.6.4\" \/>\n<input type=\"hidden\" name=\"_wpcf7_locale\" value=\"en_US\" \/>\n<input type=\"hidden\" name=\"_wpcf7_unit_tag\" value=\"wpcf7-f1206-o1\" \/>\n<input type=\"hidden\" name=\"_wpcf7_container_post\" value=\"0\" \/>\n<input type=\"hidden\" name=\"_wpcf7_posted_data_hash\" value=\"\" \/>\n<\/div>\n<p><span class=\"wpcf7-form-control-wrap\" data-name=\"your-name\"><input type=\"text\" name=\"your-name\" value=\"\" size=\"40\" class=\"wpcf7-form-control wpcf7-text wpcf7-validates-as-required\" aria-required=\"true\" aria-invalid=\"false\" placeholder=\"NAME*\" \/><\/span><span class=\"wpcf7-form-control-wrap\" data-name=\"tel-976\"><input type=\"tel\" name=\"tel-976\" value=\"\" size=\"40\" class=\"wpcf7-form-control wpcf7-text wpcf7-tel wpcf7-validates-as-tel\" aria-invalid=\"false\" placeholder=\"PHONE\" \/><\/span><span class=\"wpcf7-form-control-wrap\" data-name=\"your-email\"><input type=\"email\" name=\"your-email\" value=\"\" size=\"40\" class=\"wpcf7-form-control wpcf7-text wpcf7-email wpcf7-validates-as-required wpcf7-validates-as-email\" aria-required=\"true\" aria-invalid=\"false\" placeholder=\"E-MAIL ADDRESS*\" \/><\/span> <span class=\"wpcf7-form-control-wrap\" data-name=\"your-message\"><textarea name=\"your-message\" cols=\"40\" rows=\"10\" class=\"wpcf7-form-control wpcf7-textarea\" aria-invalid=\"false\" placeholder=\"HOW CAN WE HELP YOU?*\"><\/textarea><\/span><span class=\"wpcf7-form-control-wrap\" data-name=\"acceptance-586\"><span class=\"wpcf7-form-control wpcf7-acceptance\"><span class=\"wpcf7-list-item\"><input type=\"checkbox\" name=\"acceptance-586\" value=\"1\" aria-invalid=\"false\" \/><\/span><\/span><\/span>  I've read and accept <a href=\"https:\/\/elpulpejo.es\/aviso-legal\/\" target=\"_blank\">the terms<\/a><br \/>\n<input type=\"submit\" value=\"send\" class=\"wpcf7-form-control has-spinner wpcf7-submit\" \/><\/p>\n<p style=\"display: none !important;\"><label>&#916;<textarea name=\"_wpcf7_ak_hp_textarea\" cols=\"45\" rows=\"8\" maxlength=\"100\"><\/textarea><\/label><input type=\"hidden\" id=\"ak_js_1\" name=\"_wpcf7_ak_js\" value=\"151\"\/><script>document.getElementById( \"ak_js_1\" ).setAttribute( \"value\", ( new Date() ).getTime() );<\/script><\/p><div class=\"wpcf7-response-output\" aria-hidden=\"true\"><\/div><\/form><\/div>\n\n<\/div>\n\n\n<\/div>\n\n","protected":false},"excerpt":{"rendered":"","protected":false},"author":5,"featured_media":908,"parent":0,"menu_order":0,"comment_status":"closed","ping_status":"closed","template":"","meta":[],"yoast_head":"<!-- This site is optimized with the Yoast SEO plugin v19.11 - https:\/\/yoast.com\/wordpress\/plugins\/seo\/ -->\n<title>Contact - elpulpejo.es<\/title>\n<meta name=\"robots\" content=\"index, follow, max-snippet:-1, max-image-preview:large, max-video-preview:-1\" \/>\n<meta property=\"og:locale\" content=\"en_US\" \/>\n<meta property=\"og:type\" content=\"article\" \/>\n<meta property=\"og:title\" content=\"Contact - elpulpejo.es\" \/>\n<meta property=\"og:url\" content=\"https:\/\/elpulpejo.es\/en\/contact\/\" \/>\n<meta property=\"og:site_name\" content=\"elpulpejo.es\" \/>\n<meta property=\"article:publisher\" content=\"https:\/\/www.facebook.com\/RestauranteLuisPintura\/\" \/>\n<meta property=\"article:modified_time\" content=\"2015-12-17T13:02:36+00:00\" \/>\n<meta property=\"og:image\" content=\"https:\/\/elpulpejo.es\/wp-content\/uploads\/2014\/05\/slider-contacto-bg.jpg\" \/>\n\t<meta property=\"og:image:width\" content=\"1600\" \/>\n\t<meta property=\"og:image:height\" content=\"1062\" \/>\n\t<meta property=\"og:image:type\" content=\"image\/jpeg\" \/>\n<meta name=\"twitter:card\" content=\"summary_large_image\" \/>\n<meta name=\"twitter:site\" content=\"@Luispintura80\" \/>\n<meta name=\"twitter:label1\" content=\"Est. reading time\" \/>\n\t<meta name=\"twitter:data1\" content=\"1 minute\" \/>\n<script type=\"application\/ld+json\" class=\"yoast-schema-graph\">{\"@context\":\"https:\/\/schema.org\",\"@graph\":[{\"@type\":\"WebPage\",\"@id\":\"https:\/\/elpulpejo.es\/en\/contact\/\",\"url\":\"https:\/\/elpulpejo.es\/en\/contact\/\",\"name\":\"Contact - elpulpejo.es\",\"isPartOf\":{\"@id\":\"https:\/\/elpulpejo.es\/#website\"},\"datePublished\":\"2015-12-15T12:18:43+00:00\",\"dateModified\":\"2015-12-17T13:02:36+00:00\",\"breadcrumb\":{\"@id\":\"https:\/\/elpulpejo.es\/en\/contact\/#breadcrumb\"},\"inLanguage\":\"en-US\",\"potentialAction\":[{\"@type\":\"ReadAction\",\"target\":[\"https:\/\/elpulpejo.es\/en\/contact\/\"]}]},{\"@type\":\"BreadcrumbList\",\"@id\":\"https:\/\/elpulpejo.es\/en\/contact\/#breadcrumb\",\"itemListElement\":[{\"@type\":\"ListItem\",\"position\":1,\"name\":\"Portada\",\"item\":\"https:\/\/elpulpejo.es\/en\/\"},{\"@type\":\"ListItem\",\"position\":2,\"name\":\"Contact\"}]},{\"@type\":\"WebSite\",\"@id\":\"https:\/\/elpulpejo.es\/#website\",\"url\":\"https:\/\/elpulpejo.es\/\",\"name\":\"elpulpejo.es\",\"description\":\"Pasi\u00f3n por la tradici\u00f3n y la innovaci\u00f3n en la cocina con Luis Portillo\",\"publisher\":{\"@id\":\"https:\/\/elpulpejo.es\/#organization\"},\"potentialAction\":[{\"@type\":\"SearchAction\",\"target\":{\"@type\":\"EntryPoint\",\"urlTemplate\":\"https:\/\/elpulpejo.es\/?s={search_term_string}\"},\"query-input\":\"required name=search_term_string\"}],\"inLanguage\":\"en-US\"},{\"@type\":\"Organization\",\"@id\":\"https:\/\/elpulpejo.es\/#organization\",\"name\":\"Restaurante y catering Luis Portillo - El Pulpejo\",\"url\":\"https:\/\/elpulpejo.es\/\",\"logo\":{\"@type\":\"ImageObject\",\"inLanguage\":\"en-US\",\"@id\":\"https:\/\/elpulpejo.es\/#\/schema\/logo\/image\/\",\"url\":\"https:\/\/elpulpejo.es\/wp-content\/uploads\/2015\/11\/el-pulpejo.png\",\"contentUrl\":\"https:\/\/elpulpejo.es\/wp-content\/uploads\/2015\/11\/el-pulpejo.png\",\"width\":159,\"height\":156,\"caption\":\"Restaurante y catering Luis Portillo - El Pulpejo\"},\"image\":{\"@id\":\"https:\/\/elpulpejo.es\/#\/schema\/logo\/image\/\"},\"sameAs\":[\"https:\/\/www.facebook.com\/RestauranteLuisPintura\/\",\"https:\/\/twitter.com\/Luispintura80\"]}]}<\/script>\n<!-- \/ Yoast SEO plugin. -->","yoast_head_json":{"title":"Contact - elpulpejo.es","robots":{"index":"index","follow":"follow","max-snippet":"max-snippet:-1","max-image-preview":"max-image-preview:large","max-video-preview":"max-video-preview:-1"},"og_locale":"en_US","og_type":"article","og_title":"Contact - elpulpejo.es","og_url":"https:\/\/elpulpejo.es\/en\/contact\/","og_site_name":"elpulpejo.es","article_publisher":"https:\/\/www.facebook.com\/RestauranteLuisPintura\/","article_modified_time":"2015-12-17T13:02:36+00:00","og_image":[{"width":1600,"height":1062,"url":"https:\/\/elpulpejo.es\/wp-content\/uploads\/2014\/05\/slider-contacto-bg.jpg","type":"image\/jpeg"}],"twitter_card":"summary_large_image","twitter_site":"@Luispintura80","twitter_misc":{"Est. reading time":"1 minute"},"schema":{"@context":"https:\/\/schema.org","@graph":[{"@type":"WebPage","@id":"https:\/\/elpulpejo.es\/en\/contact\/","url":"https:\/\/elpulpejo.es\/en\/contact\/","name":"Contact - elpulpejo.es","isPartOf":{"@id":"https:\/\/elpulpejo.es\/#website"},"datePublished":"2015-12-15T12:18:43+00:00","dateModified":"2015-12-17T13:02:36+00:00","breadcrumb":{"@id":"https:\/\/elpulpejo.es\/en\/contact\/#breadcrumb"},"inLanguage":"en-US","potentialAction":[{"@type":"ReadAction","target":["https:\/\/elpulpejo.es\/en\/contact\/"]}]},{"@type":"BreadcrumbList","@id":"https:\/\/elpulpejo.es\/en\/contact\/#breadcrumb","itemListElement":[{"@type":"ListItem","position":1,"name":"Portada","item":"https:\/\/elpulpejo.es\/en\/"},{"@type":"ListItem","position":2,"name":"Contact"}]},{"@type":"WebSite","@id":"https:\/\/elpulpejo.es\/#website","url":"https:\/\/elpulpejo.es\/","name":"elpulpejo.es","description":"Pasi\u00f3n por la tradici\u00f3n y la innovaci\u00f3n en la cocina con Luis Portillo","publisher":{"@id":"https:\/\/elpulpejo.es\/#organization"},"potentialAction":[{"@type":"SearchAction","target":{"@type":"EntryPoint","urlTemplate":"https:\/\/elpulpejo.es\/?s={search_term_string}"},"query-input":"required name=search_term_string"}],"inLanguage":"en-US"},{"@type":"Organization","@id":"https:\/\/elpulpejo.es\/#organization","name":"Restaurante y catering Luis Portillo - El Pulpejo","url":"https:\/\/elpulpejo.es\/","logo":{"@type":"ImageObject","inLanguage":"en-US","@id":"https:\/\/elpulpejo.es\/#\/schema\/logo\/image\/","url":"https:\/\/elpulpejo.es\/wp-content\/uploads\/2015\/11\/el-pulpejo.png","contentUrl":"https:\/\/elpulpejo.es\/wp-content\/uploads\/2015\/11\/el-pulpejo.png","width":159,"height":156,"caption":"Restaurante y catering Luis Portillo - El Pulpejo"},"image":{"@id":"https:\/\/elpulpejo.es\/#\/schema\/logo\/image\/"},"sameAs":["https:\/\/www.facebook.com\/RestauranteLuisPintura\/","https:\/\/twitter.com\/Luispintura80"]}]}},"_links":{"self":[{"href":"https:\/\/elpulpejo.es\/en\/wp-json\/wp\/v2\/pages\/1201"}],"collection":[{"href":"https:\/\/elpulpejo.es\/en\/wp-json\/wp\/v2\/pages"}],"about":[{"href":"https:\/\/elpulpejo.es\/en\/wp-json\/wp\/v2\/types\/page"}],"author":[{"embeddable":true,"href":"https:\/\/elpulpejo.es\/en\/wp-json\/wp\/v2\/users\/5"}],"replies":[{"embeddable":true,"href":"https:\/\/elpulpejo.es\/en\/wp-json\/wp\/v2\/comments?post=1201"}],"version-history":[{"count":4,"href":"https:\/\/elpulpejo.es\/en\/wp-json\/wp\/v2\/pages\/1201\/revisions"}],"predecessor-version":[{"id":1227,"href":"https:\/\/elpulpejo.es\/en\/wp-json\/wp\/v2\/pages\/1201\/revisions\/1227"}],"wp:featuredmedia":[{"embeddable":true,"href":"https:\/\/elpulpejo.es\/en\/wp-json\/wp\/v2\/media\/908"}],"wp:attachment":[{"href":"https:\/\/elpulpejo.es\/en\/wp-json\/wp\/v2\/media?parent=1201"}],"curies":[{"name":"wp","href":"https:\/\/api.w.org\/{rel}","templated":true}]}}